{"id":139,"date":"2024-12-17T10:22:08","date_gmt":"2024-12-17T13:22:08","guid":{"rendered":"http:\/\/10.101.10.196\/xxivcac\/?page_id=139"},"modified":"2024-12-23T08:27:35","modified_gmt":"2024-12-23T11:27:35","slug":"comite-organizador","status":"publish","type":"page","link":"https:\/\/xxivcac.fica.unsl.edu.ar\/index.php\/comite-organizador\/","title":{"rendered":"Comit\u00e9 Organizador"},"content":{"rendered":"\t\t<div data-elementor-type=\"wp-page\" data-elementor-id=\"139\" class=\"elementor elementor-139\">\n\t\t\t\t<div class=\"elementor-element elementor-element-0ea4924 e-con-full e-flex e-con e-parent\" data-id=\"0ea4924\" data-element_type=\"container\" data-settings=\"{&quot;background_background&quot;:&quot;gradient&quot;}\">\n\t\t\t\t<div class=\"elementor-element elementor-element-2fec22f exad-sticky-section-no exad-glass-effect-no elementor-widget elementor-widget-text-editor\" data-id=\"2fec22f\" data-element_type=\"widget\" data-widget_type=\"text-editor.default\">\n\t\t\t\t<div class=\"elementor-widget-container\">\n\t\t\t\t\t\t\t\t\t<p>Comit\u00e9 Organizador<\/p>\t\t\t\t\t\t\t\t<\/div>\n\t\t\t\t<\/div>\n\t\t\t\t<\/div>\n\t\t<div class=\"elementor-element elementor-element-95f533b e-con-full e-flex e-con e-parent\" data-id=\"95f533b\" data-element_type=\"container\">\n\t\t\t\t<div class=\"elementor-element elementor-element-2928be7 exad-sticky-section-no exad-glass-effect-no elementor-widget elementor-widget-text-editor\" data-id=\"2928be7\" data-element_type=\"widget\" data-widget_type=\"text-editor.default\">\n\t\t\t\t<div class=\"elementor-widget-container\">\n\t\t\t\t\t\t\t\t\t<p style=\"text-align: center;\"><strong>Presidente:<\/strong><br \/>Dr. Cad\u00fas, Luis<\/p><p style=\"text-align: center;\"><span style=\"font-weight: bolder; font-family: var( --e-global-typography-text-font-family ), Sans-serif;\">Secretaria<\/span><strong>:<\/strong><br \/>Dra. Morales, Maria Roxana<\/p><p style=\"text-align: center;\"><span style=\"font-family: var( --e-global-typography-text-font-family ), Sans-serif;\"><b>Tesorero:<br \/><\/b><\/span><span style=\"font-family: var( --e-global-typography-text-font-family ), Sans-serif; font-weight: var( --e-global-typography-text-font-weight );\">Dr. Belzunce, Pablo<\/span><\/p><p style=\"text-align: center;\"><strong>Vocales:<\/strong><\/p>\t\t\t\t\t\t\t\t<\/div>\n\t\t\t\t<\/div>\n\t\t<div class=\"elementor-element elementor-element-a78897b e-flex e-con-boxed e-con e-child\" data-id=\"a78897b\" data-element_type=\"container\">\n\t\t\t\t\t<div class=\"e-con-inner\">\n\t\t\t\t<div class=\"elementor-element elementor-element-b08d886 exad-sticky-section-no exad-glass-effect-no elementor-widget elementor-widget-text-editor\" data-id=\"b08d886\" data-element_type=\"widget\" data-widget_type=\"text-editor.default\">\n\t\t\t\t<div class=\"elementor-widget-container\">\n\t\t\t\t\t\t\t\t\t<p style=\"text-align: left;\">Dra. Ag\u00fcero, Fabiola<br \/>Dra. Duran, Flavia<br \/>Dra. Rodriguez, Mar\u00eda Laura<br \/>Dra. Villagr\u00e1n Olivares, Alejandra<br \/>Dr. Rinaudo, Mat\u00edas<br \/>Dr. Galetti, Agust\u00edn<br \/>Dr. Larr\u00e9gola, Sebasti\u00e1n<br \/>Dra. Iriarte, Mar\u00eda Elena<br \/>Lic. Lista Marin, Mar\u00eda<br \/>Ing. Mufari, Abigail<\/p>\t\t\t\t\t\t\t\t<\/div>\n\t\t\t\t<\/div>\n\t\t\t\t<div class=\"elementor-element elementor-element-c8d51a4 exad-sticky-section-no exad-glass-effect-no elementor-widget elementor-widget-text-editor\" data-id=\"c8d51a4\" data-element_type=\"widget\" data-widget_type=\"text-editor.default\">\n\t\t\t\t<div class=\"elementor-widget-container\">\n\t\t\t\t\t\t\t\t\t<p style=\"text-align: left;\">Ing. Orozco, Mar\u00eda Jos\u00e9<br \/>Lic. Romero, Leticia<br \/>Lic. Ram\u00edrez, Roc\u00edo<br \/>Lic. Tagua, Bel\u00e9n<br \/>Lic. Escudero, Dahiana<br \/>Dra. Amaya, Gabriela<br \/>Lic. Fixman, Esther<br \/>Qco. Vel\u00e1squez, Cristian<br \/>Qco. Lavarra, Francisco<\/p>\t\t\t\t\t\t\t\t<\/div>\n\t\t\t\t<\/div>\n\t\t\t\t\t<\/div>\n\t\t\t\t<\/div>\n\t\t\t\t<\/div>\n\t\t\t\t<\/div>\n\t\t","protected":false},"excerpt":{"rendered":"<p>Comit\u00e9 Organizador Presidente:Dr. Cad\u00fas, Luis Secretaria:Dra. Morales, Maria Roxana Tesorero:Dr. Belzunce, Pablo Vocales: Dra. Ag\u00fcero, FabiolaDra. Duran, FlaviaDra. Rodriguez, Mar\u00eda LauraDra. Villagr\u00e1n Olivares, AlejandraDr. Rinaudo,&hellip;<\/p>\n","protected":false},"author":1,"featured_media":0,"parent":0,"menu_order":0,"comment_status":"closed","ping_status":"closed","template":"","meta":{"footnotes":""},"class_list":["post-139","page","type-page","status-publish","hentry"],"yoast_head":"<!-- This site is optimized with the Yoast SEO plugin v26.9 - https:\/\/yoast.com\/product\/yoast-seo-wordpress\/ -->\n<title>Comit\u00e9 Organizador - XXIV Congreso Argentino de Cat\u00e1lisis<\/title>\n<meta name=\"robots\" content=\"index, follow, max-snippet:-1, max-image-preview:large, max-video-preview:-1\" \/>\n<link rel=\"canonical\" href=\"https:\/\/xxivcac.fica.unsl.edu.ar\/index.php\/comite-organizador\/\" \/>\n<meta property=\"og:locale\" content=\"es_ES\" \/>\n<meta property=\"og:type\" content=\"article\" \/>\n<meta property=\"og:title\" content=\"Comit\u00e9 Organizador - XXIV Congreso Argentino de Cat\u00e1lisis\" \/>\n<meta property=\"og:description\" content=\"Comit\u00e9 Organizador Presidente:Dr. Cad\u00fas, Luis Secretaria:Dra. Morales, Maria Roxana Tesorero:Dr. Belzunce, Pablo Vocales: Dra. Ag\u00fcero, FabiolaDra. Duran, FlaviaDra. Rodriguez, Mar\u00eda LauraDra. Villagr\u00e1n Olivares, AlejandraDr. Rinaudo,&hellip;\" \/>\n<meta property=\"og:url\" content=\"https:\/\/xxivcac.fica.unsl.edu.ar\/index.php\/comite-organizador\/\" \/>\n<meta property=\"og:site_name\" content=\"XXIV Congreso Argentino de Cat\u00e1lisis\" \/>\n<meta property=\"article:modified_time\" content=\"2024-12-23T11:27:35+00:00\" \/>\n<meta name=\"twitter:card\" content=\"summary_large_image\" \/>\n<meta name=\"twitter:label1\" content=\"Tiempo de lectura\" \/>\n\t<meta name=\"twitter:data1\" content=\"1 minuto\" \/>\n<script type=\"application\/ld+json\" class=\"yoast-schema-graph\">{\"@context\":\"https:\/\/schema.org\",\"@graph\":[{\"@type\":\"WebPage\",\"@id\":\"https:\/\/xxivcac.fica.unsl.edu.ar\/index.php\/comite-organizador\/\",\"url\":\"https:\/\/xxivcac.fica.unsl.edu.ar\/index.php\/comite-organizador\/\",\"name\":\"Comit\u00e9 Organizador - XXIV Congreso Argentino de Cat\u00e1lisis\",\"isPartOf\":{\"@id\":\"https:\/\/xxivcac.fica.unsl.edu.ar\/#website\"},\"datePublished\":\"2024-12-17T13:22:08+00:00\",\"dateModified\":\"2024-12-23T11:27:35+00:00\",\"breadcrumb\":{\"@id\":\"https:\/\/xxivcac.fica.unsl.edu.ar\/index.php\/comite-organizador\/#breadcrumb\"},\"inLanguage\":\"es-AR\",\"potentialAction\":[{\"@type\":\"ReadAction\",\"target\":[\"https:\/\/xxivcac.fica.unsl.edu.ar\/index.php\/comite-organizador\/\"]}]},{\"@type\":\"BreadcrumbList\",\"@id\":\"https:\/\/xxivcac.fica.unsl.edu.ar\/index.php\/comite-organizador\/#breadcrumb\",\"itemListElement\":[{\"@type\":\"ListItem\",\"position\":1,\"name\":\"Inicio\",\"item\":\"https:\/\/xxivcac.fica.unsl.edu.ar\/\"},{\"@type\":\"ListItem\",\"position\":2,\"name\":\"Comit\u00e9 Organizador\"}]},{\"@type\":\"WebSite\",\"@id\":\"https:\/\/xxivcac.fica.unsl.edu.ar\/#website\",\"url\":\"https:\/\/xxivcac.fica.unsl.edu.ar\/\",\"name\":\"XXIV Congreso Argentino de Cat\u00e1lisis\",\"description\":\"\",\"publisher\":{\"@id\":\"https:\/\/xxivcac.fica.unsl.edu.ar\/#organization\"},\"potentialAction\":[{\"@type\":\"SearchAction\",\"target\":{\"@type\":\"EntryPoint\",\"urlTemplate\":\"https:\/\/xxivcac.fica.unsl.edu.ar\/?s={search_term_string}\"},\"query-input\":{\"@type\":\"PropertyValueSpecification\",\"valueRequired\":true,\"valueName\":\"search_term_string\"}}],\"inLanguage\":\"es-AR\"},{\"@type\":\"Organization\",\"@id\":\"https:\/\/xxivcac.fica.unsl.edu.ar\/#organization\",\"name\":\"XXIV Congreso Argentino de Cat\u00e1lisis\",\"url\":\"https:\/\/xxivcac.fica.unsl.edu.ar\/\",\"logo\":{\"@type\":\"ImageObject\",\"inLanguage\":\"es-AR\",\"@id\":\"https:\/\/xxivcac.fica.unsl.edu.ar\/#\/schema\/logo\/image\/\",\"url\":\"https:\/\/xxivcac.fica.unsl.edu.ar\/wp-content\/uploads\/2024\/12\/logo-xxivcac.png\",\"contentUrl\":\"https:\/\/xxivcac.fica.unsl.edu.ar\/wp-content\/uploads\/2024\/12\/logo-xxivcac.png\",\"width\":300,\"height\":219,\"caption\":\"XXIV Congreso Argentino de Cat\u00e1lisis\"},\"image\":{\"@id\":\"https:\/\/xxivcac.fica.unsl.edu.ar\/#\/schema\/logo\/image\/\"}}]}<\/script>\n<!-- \/ Yoast SEO plugin. -->","yoast_head_json":{"title":"Comit\u00e9 Organizador - XXIV Congreso Argentino de Cat\u00e1lisis","robots":{"index":"index","follow":"follow","max-snippet":"max-snippet:-1","max-image-preview":"max-image-preview:large","max-video-preview":"max-video-preview:-1"},"canonical":"https:\/\/xxivcac.fica.unsl.edu.ar\/index.php\/comite-organizador\/","og_locale":"es_ES","og_type":"article","og_title":"Comit\u00e9 Organizador - XXIV Congreso Argentino de Cat\u00e1lisis","og_description":"Comit\u00e9 Organizador Presidente:Dr. Cad\u00fas, Luis Secretaria:Dra. Morales, Maria Roxana Tesorero:Dr. Belzunce, Pablo Vocales: Dra. Ag\u00fcero, FabiolaDra. Duran, FlaviaDra. Rodriguez, Mar\u00eda LauraDra. Villagr\u00e1n Olivares, AlejandraDr. Rinaudo,&hellip;","og_url":"https:\/\/xxivcac.fica.unsl.edu.ar\/index.php\/comite-organizador\/","og_site_name":"XXIV Congreso Argentino de Cat\u00e1lisis","article_modified_time":"2024-12-23T11:27:35+00:00","twitter_card":"summary_large_image","twitter_misc":{"Tiempo de lectura":"1 minuto"},"schema":{"@context":"https:\/\/schema.org","@graph":[{"@type":"WebPage","@id":"https:\/\/xxivcac.fica.unsl.edu.ar\/index.php\/comite-organizador\/","url":"https:\/\/xxivcac.fica.unsl.edu.ar\/index.php\/comite-organizador\/","name":"Comit\u00e9 Organizador - XXIV Congreso Argentino de Cat\u00e1lisis","isPartOf":{"@id":"https:\/\/xxivcac.fica.unsl.edu.ar\/#website"},"datePublished":"2024-12-17T13:22:08+00:00","dateModified":"2024-12-23T11:27:35+00:00","breadcrumb":{"@id":"https:\/\/xxivcac.fica.unsl.edu.ar\/index.php\/comite-organizador\/#breadcrumb"},"inLanguage":"es-AR","potentialAction":[{"@type":"ReadAction","target":["https:\/\/xxivcac.fica.unsl.edu.ar\/index.php\/comite-organizador\/"]}]},{"@type":"BreadcrumbList","@id":"https:\/\/xxivcac.fica.unsl.edu.ar\/index.php\/comite-organizador\/#breadcrumb","itemListElement":[{"@type":"ListItem","position":1,"name":"Inicio","item":"https:\/\/xxivcac.fica.unsl.edu.ar\/"},{"@type":"ListItem","position":2,"name":"Comit\u00e9 Organizador"}]},{"@type":"WebSite","@id":"https:\/\/xxivcac.fica.unsl.edu.ar\/#website","url":"https:\/\/xxivcac.fica.unsl.edu.ar\/","name":"XXIV Congreso Argentino de Cat\u00e1lisis","description":"","publisher":{"@id":"https:\/\/xxivcac.fica.unsl.edu.ar\/#organization"},"potentialAction":[{"@type":"SearchAction","target":{"@type":"EntryPoint","urlTemplate":"https:\/\/xxivcac.fica.unsl.edu.ar\/?s={search_term_string}"},"query-input":{"@type":"PropertyValueSpecification","valueRequired":true,"valueName":"search_term_string"}}],"inLanguage":"es-AR"},{"@type":"Organization","@id":"https:\/\/xxivcac.fica.unsl.edu.ar\/#organization","name":"XXIV Congreso Argentino de Cat\u00e1lisis","url":"https:\/\/xxivcac.fica.unsl.edu.ar\/","logo":{"@type":"ImageObject","inLanguage":"es-AR","@id":"https:\/\/xxivcac.fica.unsl.edu.ar\/#\/schema\/logo\/image\/","url":"https:\/\/xxivcac.fica.unsl.edu.ar\/wp-content\/uploads\/2024\/12\/logo-xxivcac.png","contentUrl":"https:\/\/xxivcac.fica.unsl.edu.ar\/wp-content\/uploads\/2024\/12\/logo-xxivcac.png","width":300,"height":219,"caption":"XXIV Congreso Argentino de Cat\u00e1lisis"},"image":{"@id":"https:\/\/xxivcac.fica.unsl.edu.ar\/#\/schema\/logo\/image\/"}}]}},"_links":{"self":[{"href":"https:\/\/xxivcac.fica.unsl.edu.ar\/index.php\/wp-json\/wp\/v2\/pages\/139","targetHints":{"allow":["GET"]}}],"collection":[{"href":"https:\/\/xxivcac.fica.unsl.edu.ar\/index.php\/wp-json\/wp\/v2\/pages"}],"about":[{"href":"https:\/\/xxivcac.fica.unsl.edu.ar\/index.php\/wp-json\/wp\/v2\/types\/page"}],"author":[{"embeddable":true,"href":"https:\/\/xxivcac.fica.unsl.edu.ar\/index.php\/wp-json\/wp\/v2\/users\/1"}],"replies":[{"embeddable":true,"href":"https:\/\/xxivcac.fica.unsl.edu.ar\/index.php\/wp-json\/wp\/v2\/comments?post=139"}],"version-history":[{"count":22,"href":"https:\/\/xxivcac.fica.unsl.edu.ar\/index.php\/wp-json\/wp\/v2\/pages\/139\/revisions"}],"predecessor-version":[{"id":333,"href":"https:\/\/xxivcac.fica.unsl.edu.ar\/index.php\/wp-json\/wp\/v2\/pages\/139\/revisions\/333"}],"wp:attachment":[{"href":"https:\/\/xxivcac.fica.unsl.edu.ar\/index.php\/wp-json\/wp\/v2\/media?parent=139"}],"curies":[{"name":"wp","href":"https:\/\/api.w.org\/{rel}","templated":true}]}}