{"id":390,"date":"2025-03-27T11:35:22","date_gmt":"2025-03-27T14:35:22","guid":{"rendered":"http:\/\/10.101.10.196\/xxivcac\/?page_id=390"},"modified":"2025-03-27T11:40:25","modified_gmt":"2025-03-27T14:40:25","slug":"programa-eac","status":"publish","type":"page","link":"https:\/\/xxivcac.fica.unsl.edu.ar\/index.php\/programa-eac\/","title":{"rendered":"Programa &#8211; EAC"},"content":{"rendered":"\t\t<div data-elementor-type=\"wp-page\" data-elementor-id=\"390\" class=\"elementor elementor-390\">\n\t\t\t\t<div class=\"elementor-element elementor-element-737a99c e-flex e-con-boxed e-con e-parent\" data-id=\"737a99c\" data-element_type=\"container\">\n\t\t\t\t\t<div class=\"e-con-inner\">\n\t\t<div class=\"elementor-element elementor-element-fddcfc8 e-con-full e-flex e-con e-child\" data-id=\"fddcfc8\" data-element_type=\"container\">\n\t\t\t\t<div class=\"elementor-element elementor-element-6c1bc27 exad-sticky-section-no exad-glass-effect-no elementor-widget elementor-widget-image\" data-id=\"6c1bc27\" data-element_type=\"widget\" data-widget_type=\"image.default\">\n\t\t\t\t<div class=\"elementor-widget-container\">\n\t\t\t\t\t\t\t\t\t\t\t\t\t\t\t<img decoding=\"async\" width=\"426\" height=\"106\" src=\"https:\/\/xxivcac.fica.unsl.edu.ar\/wp-content\/uploads\/2025\/03\/Escuela-Catalisis.jpg\" class=\"attachment-large size-large wp-image-375\" alt=\"\" srcset=\"https:\/\/xxivcac.fica.unsl.edu.ar\/wp-content\/uploads\/2025\/03\/Escuela-Catalisis.jpg 426w, https:\/\/xxivcac.fica.unsl.edu.ar\/wp-content\/uploads\/2025\/03\/Escuela-Catalisis-300x75.jpg 300w\" sizes=\"(max-width: 426px) 100vw, 426px\" \/>\t\t\t\t\t\t\t\t\t\t\t\t\t\t\t<\/div>\n\t\t\t\t<\/div>\n\t\t\t\t<div class=\"elementor-element elementor-element-eb58037 exad-sticky-section-no exad-glass-effect-no elementor-widget elementor-widget-text-editor\" data-id=\"eb58037\" data-element_type=\"widget\" data-widget_type=\"text-editor.default\">\n\t\t\t\t<div class=\"elementor-widget-container\">\n\t\t\t\t\t\t\t\t\t<p>Titulo: \u201c T\u00e9cnicas de caracterizaci\u00f3n de catalizadores. Principios b\u00e1sicos de DRX, XPS, SBET Y SEM\u201d<\/p><p>En la s\u00edntesis de catalizadores, las propiedades de \u00e9stos dependen no s\u00f3lo de las propiedades de los materiales de partida, sino tambi\u00e9n de su morfolog\u00eda y las caracter\u00edsticas interfaciales, por lo que es muy importante su determinaci\u00f3n. La caracterizaci\u00f3n de un catalizador es el aspecto m\u00e1s importante en la investigaci\u00f3n y desarrollo de catalizadores. El \u00e1rea superficial, la elucidaci\u00f3n de la estructura, composici\u00f3n y propiedades qu\u00edmicas, tanto de los s\u00f3lidos utilizados en la cat\u00e1lisis heterog\u00e9nea como de los compuestos absorbidos y los intermediarios presentes en la superficie del catalizador durante la reacci\u00f3n, son de vital importancia para entender la relaci\u00f3n entre las propiedades del catalizador y la actividad catal\u00edtica. Estas t\u00e9cnicas constituyen una parte integral en cualquier tipo de investigaci\u00f3n en el \u00e1rea de cat\u00e1lisis con miras a la trascendencia cient\u00edfica. El conocimiento profundo de los catalizadores permite tener herramientas para el dise\u00f1o y optimizaci\u00f3n de estos.<\/p><p>Este curso abordar\u00e1 cuatro de las t\u00e9cnicas m\u00e1s usadas para caracterizar materiales, la difracci\u00f3n de rayos X, la espectroscop\u00eda fotoelectr\u00f3nica de rayos X, microscopia electr\u00f3nica de barrido, y la caracterizaci\u00f3n textural mediante la adsorci\u00f3n de gases. Conocer los principios b\u00e1sicos de cada t\u00e9cnica y la informaci\u00f3n que cada una brinda sobre los catalizadores resulta de gran inter\u00e9s para todas las personas que trabajan en el campo de la cat\u00e1lisis heterog\u00e9nea.<\/p><p>Objetivos: Introducir a los alumnos a los conocimientos m\u00ednimos necesarios para poner a su servicio las diferentes t\u00e9cnicas de caracterizaci\u00f3n de catalizadores, mediante clases te\u00f3ricas, y experiencias pr\u00e1cticas en los equipos existentes. Asimismo, se pretende que los alumnos, al finalizar el curso, puedan analizar e interpretar los resultados provistos por estas t\u00e9cnicas.<\/p><p>Para descargar el programa completo haga click <a href=\"https:\/\/xxivcac.fica.unsl.edu.ar\/wp-content\/uploads\/2025\/03\/Programa-Completo-EAC2025.pdf\" target=\"_blank\" rel=\"noopener\"><strong>aqu\u00ed<\/strong><\/a><\/p>\t\t\t\t\t\t\t\t<\/div>\n\t\t\t\t<\/div>\n\t\t\t\t<\/div>\n\t\t\t\t\t<\/div>\n\t\t\t\t<\/div>\n\t\t<div class=\"elementor-element elementor-element-9804176 e-grid e-con-boxed e-con e-parent\" data-id=\"9804176\" data-element_type=\"container\">\n\t\t\t\t\t<div class=\"e-con-inner\">\n\t\t\t\t\t<\/div>\n\t\t\t\t<\/div>\n\t\t\t\t<\/div>\n\t\t","protected":false},"excerpt":{"rendered":"<p>Titulo: \u201c T\u00e9cnicas de caracterizaci\u00f3n de catalizadores. Principios b\u00e1sicos de DRX, XPS, SBET Y SEM\u201d En la s\u00edntesis de catalizadores, las propiedades de \u00e9stos dependen&hellip;<\/p>\n","protected":false},"author":1,"featured_media":0,"parent":0,"menu_order":0,"comment_status":"closed","ping_status":"closed","template":"","meta":{"footnotes":""},"class_list":["post-390","page","type-page","status-publish","hentry"],"yoast_head":"<!-- This site is optimized with the Yoast SEO plugin v26.9 - https:\/\/yoast.com\/product\/yoast-seo-wordpress\/ -->\n<title>Programa - EAC - XXIV Congreso Argentino de Cat\u00e1lisis<\/title>\n<meta name=\"robots\" content=\"index, follow, max-snippet:-1, max-image-preview:large, max-video-preview:-1\" \/>\n<link rel=\"canonical\" href=\"https:\/\/xxivcac.fica.unsl.edu.ar\/index.php\/programa-eac\/\" \/>\n<meta property=\"og:locale\" content=\"es_ES\" \/>\n<meta property=\"og:type\" content=\"article\" \/>\n<meta property=\"og:title\" content=\"Programa - EAC - XXIV Congreso Argentino de Cat\u00e1lisis\" \/>\n<meta property=\"og:description\" content=\"Titulo: \u201c T\u00e9cnicas de caracterizaci\u00f3n de catalizadores. Principios b\u00e1sicos de DRX, XPS, SBET Y SEM\u201d En la s\u00edntesis de catalizadores, las propiedades de \u00e9stos dependen&hellip;\" \/>\n<meta property=\"og:url\" content=\"https:\/\/xxivcac.fica.unsl.edu.ar\/index.php\/programa-eac\/\" \/>\n<meta property=\"og:site_name\" content=\"XXIV Congreso Argentino de Cat\u00e1lisis\" \/>\n<meta property=\"article:modified_time\" content=\"2025-03-27T14:40:25+00:00\" \/>\n<meta property=\"og:image\" content=\"https:\/\/xxivcac.fica.unsl.edu.ar\/wp-content\/uploads\/2025\/03\/Escuela-Catalisis.jpg\" \/>\n\t<meta property=\"og:image:width\" content=\"426\" \/>\n\t<meta property=\"og:image:height\" content=\"106\" \/>\n\t<meta property=\"og:image:type\" content=\"image\/jpeg\" \/>\n<meta name=\"twitter:card\" content=\"summary_large_image\" \/>\n<meta name=\"twitter:label1\" content=\"Tiempo de lectura\" \/>\n\t<meta name=\"twitter:data1\" content=\"2 minutos\" \/>\n<script type=\"application\/ld+json\" class=\"yoast-schema-graph\">{\"@context\":\"https:\/\/schema.org\",\"@graph\":[{\"@type\":\"WebPage\",\"@id\":\"https:\/\/xxivcac.fica.unsl.edu.ar\/index.php\/programa-eac\/\",\"url\":\"https:\/\/xxivcac.fica.unsl.edu.ar\/index.php\/programa-eac\/\",\"name\":\"Programa - EAC - XXIV Congreso Argentino de Cat\u00e1lisis\",\"isPartOf\":{\"@id\":\"https:\/\/xxivcac.fica.unsl.edu.ar\/#website\"},\"primaryImageOfPage\":{\"@id\":\"https:\/\/xxivcac.fica.unsl.edu.ar\/index.php\/programa-eac\/#primaryimage\"},\"image\":{\"@id\":\"https:\/\/xxivcac.fica.unsl.edu.ar\/index.php\/programa-eac\/#primaryimage\"},\"thumbnailUrl\":\"https:\/\/xxivcac.fica.unsl.edu.ar\/wp-content\/uploads\/2025\/03\/Escuela-Catalisis.jpg\",\"datePublished\":\"2025-03-27T14:35:22+00:00\",\"dateModified\":\"2025-03-27T14:40:25+00:00\",\"breadcrumb\":{\"@id\":\"https:\/\/xxivcac.fica.unsl.edu.ar\/index.php\/programa-eac\/#breadcrumb\"},\"inLanguage\":\"es-AR\",\"potentialAction\":[{\"@type\":\"ReadAction\",\"target\":[\"https:\/\/xxivcac.fica.unsl.edu.ar\/index.php\/programa-eac\/\"]}]},{\"@type\":\"ImageObject\",\"inLanguage\":\"es-AR\",\"@id\":\"https:\/\/xxivcac.fica.unsl.edu.ar\/index.php\/programa-eac\/#primaryimage\",\"url\":\"https:\/\/xxivcac.fica.unsl.edu.ar\/wp-content\/uploads\/2025\/03\/Escuela-Catalisis.jpg\",\"contentUrl\":\"https:\/\/xxivcac.fica.unsl.edu.ar\/wp-content\/uploads\/2025\/03\/Escuela-Catalisis.jpg\",\"width\":426,\"height\":106},{\"@type\":\"BreadcrumbList\",\"@id\":\"https:\/\/xxivcac.fica.unsl.edu.ar\/index.php\/programa-eac\/#breadcrumb\",\"itemListElement\":[{\"@type\":\"ListItem\",\"position\":1,\"name\":\"Inicio\",\"item\":\"https:\/\/xxivcac.fica.unsl.edu.ar\/\"},{\"@type\":\"ListItem\",\"position\":2,\"name\":\"Programa &#8211; EAC\"}]},{\"@type\":\"WebSite\",\"@id\":\"https:\/\/xxivcac.fica.unsl.edu.ar\/#website\",\"url\":\"https:\/\/xxivcac.fica.unsl.edu.ar\/\",\"name\":\"XXIV Congreso Argentino de Cat\u00e1lisis\",\"description\":\"\",\"publisher\":{\"@id\":\"https:\/\/xxivcac.fica.unsl.edu.ar\/#organization\"},\"potentialAction\":[{\"@type\":\"SearchAction\",\"target\":{\"@type\":\"EntryPoint\",\"urlTemplate\":\"https:\/\/xxivcac.fica.unsl.edu.ar\/?s={search_term_string}\"},\"query-input\":{\"@type\":\"PropertyValueSpecification\",\"valueRequired\":true,\"valueName\":\"search_term_string\"}}],\"inLanguage\":\"es-AR\"},{\"@type\":\"Organization\",\"@id\":\"https:\/\/xxivcac.fica.unsl.edu.ar\/#organization\",\"name\":\"XXIV Congreso Argentino de Cat\u00e1lisis\",\"url\":\"https:\/\/xxivcac.fica.unsl.edu.ar\/\",\"logo\":{\"@type\":\"ImageObject\",\"inLanguage\":\"es-AR\",\"@id\":\"https:\/\/xxivcac.fica.unsl.edu.ar\/#\/schema\/logo\/image\/\",\"url\":\"https:\/\/xxivcac.fica.unsl.edu.ar\/wp-content\/uploads\/2024\/12\/logo-xxivcac.png\",\"contentUrl\":\"https:\/\/xxivcac.fica.unsl.edu.ar\/wp-content\/uploads\/2024\/12\/logo-xxivcac.png\",\"width\":300,\"height\":219,\"caption\":\"XXIV Congreso Argentino de Cat\u00e1lisis\"},\"image\":{\"@id\":\"https:\/\/xxivcac.fica.unsl.edu.ar\/#\/schema\/logo\/image\/\"}}]}<\/script>\n<!-- \/ Yoast SEO plugin. -->","yoast_head_json":{"title":"Programa - EAC - XXIV Congreso Argentino de Cat\u00e1lisis","robots":{"index":"index","follow":"follow","max-snippet":"max-snippet:-1","max-image-preview":"max-image-preview:large","max-video-preview":"max-video-preview:-1"},"canonical":"https:\/\/xxivcac.fica.unsl.edu.ar\/index.php\/programa-eac\/","og_locale":"es_ES","og_type":"article","og_title":"Programa - EAC - XXIV Congreso Argentino de Cat\u00e1lisis","og_description":"Titulo: \u201c T\u00e9cnicas de caracterizaci\u00f3n de catalizadores. Principios b\u00e1sicos de DRX, XPS, SBET Y SEM\u201d En la s\u00edntesis de catalizadores, las propiedades de \u00e9stos dependen&hellip;","og_url":"https:\/\/xxivcac.fica.unsl.edu.ar\/index.php\/programa-eac\/","og_site_name":"XXIV Congreso Argentino de Cat\u00e1lisis","article_modified_time":"2025-03-27T14:40:25+00:00","og_image":[{"width":426,"height":106,"url":"https:\/\/xxivcac.fica.unsl.edu.ar\/wp-content\/uploads\/2025\/03\/Escuela-Catalisis.jpg","type":"image\/jpeg"}],"twitter_card":"summary_large_image","twitter_misc":{"Tiempo de lectura":"2 minutos"},"schema":{"@context":"https:\/\/schema.org","@graph":[{"@type":"WebPage","@id":"https:\/\/xxivcac.fica.unsl.edu.ar\/index.php\/programa-eac\/","url":"https:\/\/xxivcac.fica.unsl.edu.ar\/index.php\/programa-eac\/","name":"Programa - EAC - XXIV Congreso Argentino de Cat\u00e1lisis","isPartOf":{"@id":"https:\/\/xxivcac.fica.unsl.edu.ar\/#website"},"primaryImageOfPage":{"@id":"https:\/\/xxivcac.fica.unsl.edu.ar\/index.php\/programa-eac\/#primaryimage"},"image":{"@id":"https:\/\/xxivcac.fica.unsl.edu.ar\/index.php\/programa-eac\/#primaryimage"},"thumbnailUrl":"https:\/\/xxivcac.fica.unsl.edu.ar\/wp-content\/uploads\/2025\/03\/Escuela-Catalisis.jpg","datePublished":"2025-03-27T14:35:22+00:00","dateModified":"2025-03-27T14:40:25+00:00","breadcrumb":{"@id":"https:\/\/xxivcac.fica.unsl.edu.ar\/index.php\/programa-eac\/#breadcrumb"},"inLanguage":"es-AR","potentialAction":[{"@type":"ReadAction","target":["https:\/\/xxivcac.fica.unsl.edu.ar\/index.php\/programa-eac\/"]}]},{"@type":"ImageObject","inLanguage":"es-AR","@id":"https:\/\/xxivcac.fica.unsl.edu.ar\/index.php\/programa-eac\/#primaryimage","url":"https:\/\/xxivcac.fica.unsl.edu.ar\/wp-content\/uploads\/2025\/03\/Escuela-Catalisis.jpg","contentUrl":"https:\/\/xxivcac.fica.unsl.edu.ar\/wp-content\/uploads\/2025\/03\/Escuela-Catalisis.jpg","width":426,"height":106},{"@type":"BreadcrumbList","@id":"https:\/\/xxivcac.fica.unsl.edu.ar\/index.php\/programa-eac\/#breadcrumb","itemListElement":[{"@type":"ListItem","position":1,"name":"Inicio","item":"https:\/\/xxivcac.fica.unsl.edu.ar\/"},{"@type":"ListItem","position":2,"name":"Programa &#8211; EAC"}]},{"@type":"WebSite","@id":"https:\/\/xxivcac.fica.unsl.edu.ar\/#website","url":"https:\/\/xxivcac.fica.unsl.edu.ar\/","name":"XXIV Congreso Argentino de Cat\u00e1lisis","description":"","publisher":{"@id":"https:\/\/xxivcac.fica.unsl.edu.ar\/#organization"},"potentialAction":[{"@type":"SearchAction","target":{"@type":"EntryPoint","urlTemplate":"https:\/\/xxivcac.fica.unsl.edu.ar\/?s={search_term_string}"},"query-input":{"@type":"PropertyValueSpecification","valueRequired":true,"valueName":"search_term_string"}}],"inLanguage":"es-AR"},{"@type":"Organization","@id":"https:\/\/xxivcac.fica.unsl.edu.ar\/#organization","name":"XXIV Congreso Argentino de Cat\u00e1lisis","url":"https:\/\/xxivcac.fica.unsl.edu.ar\/","logo":{"@type":"ImageObject","inLanguage":"es-AR","@id":"https:\/\/xxivcac.fica.unsl.edu.ar\/#\/schema\/logo\/image\/","url":"https:\/\/xxivcac.fica.unsl.edu.ar\/wp-content\/uploads\/2024\/12\/logo-xxivcac.png","contentUrl":"https:\/\/xxivcac.fica.unsl.edu.ar\/wp-content\/uploads\/2024\/12\/logo-xxivcac.png","width":300,"height":219,"caption":"XXIV Congreso Argentino de Cat\u00e1lisis"},"image":{"@id":"https:\/\/xxivcac.fica.unsl.edu.ar\/#\/schema\/logo\/image\/"}}]}},"_links":{"self":[{"href":"https:\/\/xxivcac.fica.unsl.edu.ar\/index.php\/wp-json\/wp\/v2\/pages\/390","targetHints":{"allow":["GET"]}}],"collection":[{"href":"https:\/\/xxivcac.fica.unsl.edu.ar\/index.php\/wp-json\/wp\/v2\/pages"}],"about":[{"href":"https:\/\/xxivcac.fica.unsl.edu.ar\/index.php\/wp-json\/wp\/v2\/types\/page"}],"author":[{"embeddable":true,"href":"https:\/\/xxivcac.fica.unsl.edu.ar\/index.php\/wp-json\/wp\/v2\/users\/1"}],"replies":[{"embeddable":true,"href":"https:\/\/xxivcac.fica.unsl.edu.ar\/index.php\/wp-json\/wp\/v2\/comments?post=390"}],"version-history":[{"count":7,"href":"https:\/\/xxivcac.fica.unsl.edu.ar\/index.php\/wp-json\/wp\/v2\/pages\/390\/revisions"}],"predecessor-version":[{"id":403,"href":"https:\/\/xxivcac.fica.unsl.edu.ar\/index.php\/wp-json\/wp\/v2\/pages\/390\/revisions\/403"}],"wp:attachment":[{"href":"https:\/\/xxivcac.fica.unsl.edu.ar\/index.php\/wp-json\/wp\/v2\/media?parent=390"}],"curies":[{"name":"wp","href":"https:\/\/api.w.org\/{rel}","templated":true}]}}