{"id":417,"date":"2025-04-01T08:47:42","date_gmt":"2025-04-01T11:47:42","guid":{"rendered":"http:\/\/10.101.10.196\/xxivcac\/?page_id=417"},"modified":"2025-09-02T07:58:03","modified_gmt":"2025-09-02T10:58:03","slug":"inscripcion","status":"publish","type":"page","link":"https:\/\/xxivcac.fica.unsl.edu.ar\/index.php\/inscripcion\/","title":{"rendered":"Inscripci\u00f3n"},"content":{"rendered":"\t\t<div data-elementor-type=\"wp-page\" data-elementor-id=\"417\" class=\"elementor elementor-417\">\n\t\t\t\t<div class=\"elementor-element elementor-element-737a99c e-flex e-con-boxed e-con e-parent\" data-id=\"737a99c\" data-element_type=\"container\">\n\t\t\t\t\t<div class=\"e-con-inner\">\n\t\t<div class=\"elementor-element elementor-element-fddcfc8 e-con-full e-flex e-con e-child\" data-id=\"fddcfc8\" data-element_type=\"container\">\n\t\t\t\t<div class=\"elementor-element elementor-element-eb58037 exad-sticky-section-no exad-glass-effect-no elementor-widget elementor-widget-text-editor\" data-id=\"eb58037\" data-element_type=\"widget\" data-widget_type=\"text-editor.default\">\n\t\t\t\t<div class=\"elementor-widget-container\">\n\t\t\t\t\t\t\t\t\t<p>Para inscribirse debe realizar el pago de inscripci\u00f3n y completar el formulario luego recibir\u00e1 una factura que indica que la inscripci\u00f3n qued\u00f3 confirmada.<\/p><p><strong><u>Costos de inscripci\u00f3n CAC 2025<\/u><\/strong><\/p><p>El pago se recibe en pesos a la cotizaci\u00f3n del d\u00f3lar billete venta del BNA del d\u00eda en que se realiza la transferencia.<\/p><table><tbody><tr><td width=\"233\">\u00a0<\/td><td width=\"111\"><p><em>1\u00b0 Plazo hasta\u00a0<br \/><\/em><strong><span style=\"color: #ff0000;\"><em style=\"font-family: var( --e-global-typography-text-font-family ), Sans-serif; font-weight: var( --e-global-typography-text-font-weight ); font-size: 0.9em;\">08\/09\/2025<\/em><\/span><\/strong><\/p><\/td><td width=\"111\"><p><em>2\u00b0 Plazo hasta\u00a0<br \/><\/em><em style=\"font-size: 0.9em; font-family: var( --e-global-typography-text-font-family ), Sans-serif; font-weight: var( --e-global-typography-text-font-weight );\">15\/10\/2025<\/em><\/p><\/td><td width=\"111\"><p><em>Congreso<br \/><\/em><em style=\"font-size: 0.9em; font-family: var( --e-global-typography-text-font-family ), Sans-serif; font-weight: var( --e-global-typography-text-font-weight );\">29\/10\/2025<\/em><\/p><\/td><\/tr><tr><td width=\"233\"><p>INVESTIGADORES\/T\u00c9CNICOS<sup> (1)\u00a0<\/sup><span style=\"font-size: 0.9em; font-family: var( --e-global-typography-text-font-family ), Sans-serif; font-weight: var( --e-global-typography-text-font-weight );\">(Socios SaCat)<\/span><\/p><\/td><td width=\"111\"><p><strong>USD 160<\/strong><\/p><\/td><td width=\"111\"><p><strong>USD 200<\/strong><\/p><\/td><td width=\"111\"><p><strong>USD 250<\/strong><\/p><\/td><\/tr><tr><td width=\"233\"><p>INVESTIGADORES\/T\u00c9CNICOS de UUNN y\/u organismos de CyT<sup>(1)\u00a0<\/sup><span style=\"font-size: 0.9em; font-family: var( --e-global-typography-text-font-family ), Sans-serif; font-weight: var( --e-global-typography-text-font-weight );\">(No socios SaCat)<\/span><\/p><\/td><td width=\"111\"><p><strong>USD 200<\/strong><\/p><\/td><td width=\"111\"><p><strong>USD 250<\/strong><\/p><\/td><td width=\"111\"><p><strong>USD 300<\/strong><\/p><\/td><\/tr><tr><td width=\"233\"><p>BECARIOS\/TESISTAS<sup> (2)\u00a0<\/sup><span style=\"font-size: 0.9em; font-family: var( --e-global-typography-text-font-family ), Sans-serif; font-weight: var( --e-global-typography-text-font-weight );\">(Socios SaCat)<\/span><\/p><\/td><td width=\"111\"><p><strong>USD 110<\/strong><\/p><\/td><td width=\"111\"><p><strong>USD 150<\/strong><\/p><\/td><td width=\"111\"><p><strong>USD 200<\/strong><\/p><\/td><\/tr><tr><td width=\"233\"><p>BECARIOS\/TESISTAS<sup> (2)\u00a0<\/sup><span style=\"font-size: 0.9em; font-family: var( --e-global-typography-text-font-family ), Sans-serif; font-weight: var( --e-global-typography-text-font-weight );\">(No socios SaCat)<\/span><\/p><\/td><td width=\"111\"><p><strong>USD 150<\/strong><\/p><\/td><td width=\"111\"><p><strong>USD 190<\/strong><\/p><\/td><td width=\"111\"><p><strong>USD 250<\/strong><\/p><\/td><\/tr><tr><td width=\"233\"><p>EXTRANJERO<sup> (1-3)\u00a0<\/sup><span style=\"font-size: 0.9em; font-family: var( --e-global-typography-text-font-family ), Sans-serif; font-weight: var( --e-global-typography-text-font-weight );\">(Socio Fisocat)<\/span><\/p><\/td><td width=\"111\"><p><strong>&#8211;<\/strong><\/p><\/td><td width=\"111\"><p><strong>&#8211;<\/strong><\/p><\/td><td width=\"111\"><p><strong>USD 300<\/strong><\/p><\/td><\/tr><tr><td width=\"233\"><p>EXTRANJERO<sup> (1-3)\u00a0<\/sup><span style=\"font-size: 0.9em; font-family: var( --e-global-typography-text-font-family ), Sans-serif; font-weight: var( --e-global-typography-text-font-weight );\">(No socio Fisocat)<\/span><\/p><\/td><td width=\"111\"><p><strong>&#8211;<\/strong><\/p><\/td><td width=\"111\"><p><strong>&#8211;<\/strong><\/p><\/td><td width=\"111\"><p><strong>USD 350<\/strong><\/p><\/td><\/tr><tr><td width=\"233\"><p>PERSONAL EMPRESAS<sup> (1)<\/sup><\/p><\/td><td width=\"111\"><p><strong>USD 300<\/strong><\/p><\/td><td width=\"111\"><p><strong>USD 350<\/strong><\/p><\/td><td width=\"111\"><p><strong>USD 400<\/strong><\/p><\/td><\/tr><\/tbody><\/table><p><sup>(1) <\/sup>El pago de la inscripci\u00f3n incluye el material del congreso, acceso a las actividades cient\u00edficas y sociales, y derecho a la presentaci\u00f3n de 2 trabajos.<\/p><p><sup>(2) <\/sup>Se deber\u00e1 presentar constancia de beca doctoral\/posdoctoral vigente o carrera de doctorado en curso. El pago de la inscripci\u00f3n incluye el material del congreso, acceso a las actividades cient\u00edficas y sociales, y derecho a la presentaci\u00f3n de 1 trabajo.<\/p><p><sup>(3)<\/sup> El pago de inscripci\u00f3n en el caso de participantes extranjeros se realizar\u00e1 en la sede del congreso. Incluye el material del congreso, acceso a las actividades cient\u00edficas y sociales, y derecho a la presentaci\u00f3n de 2 trabajos.<\/p><p><strong><u>Datos bancarios<\/u><\/strong><\/p><p>Titular: Fundaci\u00f3n de la Univ. Nacional de San Luis<\/p><p>CBU N\u00ba 0110478720047820172072<br \/>Cta. Cte. en Pesos N\u00b0 478-20172-07<br \/>Banco de la Naci\u00f3n Argentina (Sucursal N\u00b0 3240 \u2013 San Luis)<br \/>Alias: CIPRES.PALOMA.PATIN<\/p><p>Para completar el <a href=\"https:\/\/docs.google.com\/forms\/d\/e\/1FAIpQLSfI7iNwFJh8IvdAkkcwETho8symQxEh2DukEc3e6ocdMIIcDw\/viewform\" target=\"_blank\" rel=\"noopener\"><span style=\"color: #0000ff;\">Formulario de inscripci\u00f3n<\/span><\/a> deber\u00e1 contar con el comprobante de pago y la constancia requerida en caso de ser Becario\/Tesista<\/p>\t\t\t\t\t\t\t\t<\/div>\n\t\t\t\t<\/div>\n\t\t\t\t<\/div>\n\t\t\t\t\t<\/div>\n\t\t\t\t<\/div>\n\t\t<div class=\"elementor-element elementor-element-9804176 e-grid e-con-boxed e-con e-parent\" data-id=\"9804176\" data-element_type=\"container\">\n\t\t\t\t\t<div class=\"e-con-inner\">\n\t\t\t\t\t<\/div>\n\t\t\t\t<\/div>\n\t\t\t\t<\/div>\n\t\t","protected":false},"excerpt":{"rendered":"<p>Para inscribirse debe realizar el pago de inscripci\u00f3n y completar el formulario luego recibir\u00e1 una factura que indica que la inscripci\u00f3n qued\u00f3 confirmada. Costos de&hellip;<\/p>\n","protected":false},"author":1,"featured_media":0,"parent":0,"menu_order":0,"comment_status":"closed","ping_status":"closed","template":"","meta":{"footnotes":""},"class_list":["post-417","page","type-page","status-publish","hentry"],"yoast_head":"<!-- This site is optimized with the Yoast SEO plugin v26.9 - https:\/\/yoast.com\/product\/yoast-seo-wordpress\/ -->\n<title>Inscripci\u00f3n - XXIV Congreso Argentino de Cat\u00e1lisis<\/title>\n<meta name=\"robots\" content=\"index, follow, max-snippet:-1, max-image-preview:large, max-video-preview:-1\" \/>\n<link rel=\"canonical\" href=\"https:\/\/xxivcac.fica.unsl.edu.ar\/index.php\/inscripcion\/\" \/>\n<meta property=\"og:locale\" content=\"es_ES\" \/>\n<meta property=\"og:type\" content=\"article\" \/>\n<meta property=\"og:title\" content=\"Inscripci\u00f3n - XXIV Congreso Argentino de Cat\u00e1lisis\" \/>\n<meta property=\"og:description\" content=\"Para inscribirse debe realizar el pago de inscripci\u00f3n y completar el formulario luego recibir\u00e1 una factura que indica que la inscripci\u00f3n qued\u00f3 confirmada. Costos de&hellip;\" \/>\n<meta property=\"og:url\" content=\"https:\/\/xxivcac.fica.unsl.edu.ar\/index.php\/inscripcion\/\" \/>\n<meta property=\"og:site_name\" content=\"XXIV Congreso Argentino de Cat\u00e1lisis\" \/>\n<meta property=\"article:modified_time\" content=\"2025-09-02T10:58:03+00:00\" \/>\n<meta name=\"twitter:card\" content=\"summary_large_image\" \/>\n<meta name=\"twitter:label1\" content=\"Tiempo de lectura\" \/>\n\t<meta name=\"twitter:data1\" content=\"2 minutos\" \/>\n<script type=\"application\/ld+json\" class=\"yoast-schema-graph\">{\"@context\":\"https:\/\/schema.org\",\"@graph\":[{\"@type\":\"WebPage\",\"@id\":\"https:\/\/xxivcac.fica.unsl.edu.ar\/index.php\/inscripcion\/\",\"url\":\"https:\/\/xxivcac.fica.unsl.edu.ar\/index.php\/inscripcion\/\",\"name\":\"Inscripci\u00f3n - XXIV Congreso Argentino de Cat\u00e1lisis\",\"isPartOf\":{\"@id\":\"https:\/\/xxivcac.fica.unsl.edu.ar\/#website\"},\"datePublished\":\"2025-04-01T11:47:42+00:00\",\"dateModified\":\"2025-09-02T10:58:03+00:00\",\"breadcrumb\":{\"@id\":\"https:\/\/xxivcac.fica.unsl.edu.ar\/index.php\/inscripcion\/#breadcrumb\"},\"inLanguage\":\"es-AR\",\"potentialAction\":[{\"@type\":\"ReadAction\",\"target\":[\"https:\/\/xxivcac.fica.unsl.edu.ar\/index.php\/inscripcion\/\"]}]},{\"@type\":\"BreadcrumbList\",\"@id\":\"https:\/\/xxivcac.fica.unsl.edu.ar\/index.php\/inscripcion\/#breadcrumb\",\"itemListElement\":[{\"@type\":\"ListItem\",\"position\":1,\"name\":\"Inicio\",\"item\":\"https:\/\/xxivcac.fica.unsl.edu.ar\/\"},{\"@type\":\"ListItem\",\"position\":2,\"name\":\"Inscripci\u00f3n\"}]},{\"@type\":\"WebSite\",\"@id\":\"https:\/\/xxivcac.fica.unsl.edu.ar\/#website\",\"url\":\"https:\/\/xxivcac.fica.unsl.edu.ar\/\",\"name\":\"XXIV Congreso Argentino de Cat\u00e1lisis\",\"description\":\"\",\"publisher\":{\"@id\":\"https:\/\/xxivcac.fica.unsl.edu.ar\/#organization\"},\"potentialAction\":[{\"@type\":\"SearchAction\",\"target\":{\"@type\":\"EntryPoint\",\"urlTemplate\":\"https:\/\/xxivcac.fica.unsl.edu.ar\/?s={search_term_string}\"},\"query-input\":{\"@type\":\"PropertyValueSpecification\",\"valueRequired\":true,\"valueName\":\"search_term_string\"}}],\"inLanguage\":\"es-AR\"},{\"@type\":\"Organization\",\"@id\":\"https:\/\/xxivcac.fica.unsl.edu.ar\/#organization\",\"name\":\"XXIV Congreso Argentino de Cat\u00e1lisis\",\"url\":\"https:\/\/xxivcac.fica.unsl.edu.ar\/\",\"logo\":{\"@type\":\"ImageObject\",\"inLanguage\":\"es-AR\",\"@id\":\"https:\/\/xxivcac.fica.unsl.edu.ar\/#\/schema\/logo\/image\/\",\"url\":\"https:\/\/xxivcac.fica.unsl.edu.ar\/wp-content\/uploads\/2024\/12\/logo-xxivcac.png\",\"contentUrl\":\"https:\/\/xxivcac.fica.unsl.edu.ar\/wp-content\/uploads\/2024\/12\/logo-xxivcac.png\",\"width\":300,\"height\":219,\"caption\":\"XXIV Congreso Argentino de Cat\u00e1lisis\"},\"image\":{\"@id\":\"https:\/\/xxivcac.fica.unsl.edu.ar\/#\/schema\/logo\/image\/\"}}]}<\/script>\n<!-- \/ Yoast SEO plugin. -->","yoast_head_json":{"title":"Inscripci\u00f3n - XXIV Congreso Argentino de Cat\u00e1lisis","robots":{"index":"index","follow":"follow","max-snippet":"max-snippet:-1","max-image-preview":"max-image-preview:large","max-video-preview":"max-video-preview:-1"},"canonical":"https:\/\/xxivcac.fica.unsl.edu.ar\/index.php\/inscripcion\/","og_locale":"es_ES","og_type":"article","og_title":"Inscripci\u00f3n - XXIV Congreso Argentino de Cat\u00e1lisis","og_description":"Para inscribirse debe realizar el pago de inscripci\u00f3n y completar el formulario luego recibir\u00e1 una factura que indica que la inscripci\u00f3n qued\u00f3 confirmada. Costos de&hellip;","og_url":"https:\/\/xxivcac.fica.unsl.edu.ar\/index.php\/inscripcion\/","og_site_name":"XXIV Congreso Argentino de Cat\u00e1lisis","article_modified_time":"2025-09-02T10:58:03+00:00","twitter_card":"summary_large_image","twitter_misc":{"Tiempo de lectura":"2 minutos"},"schema":{"@context":"https:\/\/schema.org","@graph":[{"@type":"WebPage","@id":"https:\/\/xxivcac.fica.unsl.edu.ar\/index.php\/inscripcion\/","url":"https:\/\/xxivcac.fica.unsl.edu.ar\/index.php\/inscripcion\/","name":"Inscripci\u00f3n - XXIV Congreso Argentino de Cat\u00e1lisis","isPartOf":{"@id":"https:\/\/xxivcac.fica.unsl.edu.ar\/#website"},"datePublished":"2025-04-01T11:47:42+00:00","dateModified":"2025-09-02T10:58:03+00:00","breadcrumb":{"@id":"https:\/\/xxivcac.fica.unsl.edu.ar\/index.php\/inscripcion\/#breadcrumb"},"inLanguage":"es-AR","potentialAction":[{"@type":"ReadAction","target":["https:\/\/xxivcac.fica.unsl.edu.ar\/index.php\/inscripcion\/"]}]},{"@type":"BreadcrumbList","@id":"https:\/\/xxivcac.fica.unsl.edu.ar\/index.php\/inscripcion\/#breadcrumb","itemListElement":[{"@type":"ListItem","position":1,"name":"Inicio","item":"https:\/\/xxivcac.fica.unsl.edu.ar\/"},{"@type":"ListItem","position":2,"name":"Inscripci\u00f3n"}]},{"@type":"WebSite","@id":"https:\/\/xxivcac.fica.unsl.edu.ar\/#website","url":"https:\/\/xxivcac.fica.unsl.edu.ar\/","name":"XXIV Congreso Argentino de Cat\u00e1lisis","description":"","publisher":{"@id":"https:\/\/xxivcac.fica.unsl.edu.ar\/#organization"},"potentialAction":[{"@type":"SearchAction","target":{"@type":"EntryPoint","urlTemplate":"https:\/\/xxivcac.fica.unsl.edu.ar\/?s={search_term_string}"},"query-input":{"@type":"PropertyValueSpecification","valueRequired":true,"valueName":"search_term_string"}}],"inLanguage":"es-AR"},{"@type":"Organization","@id":"https:\/\/xxivcac.fica.unsl.edu.ar\/#organization","name":"XXIV Congreso Argentino de Cat\u00e1lisis","url":"https:\/\/xxivcac.fica.unsl.edu.ar\/","logo":{"@type":"ImageObject","inLanguage":"es-AR","@id":"https:\/\/xxivcac.fica.unsl.edu.ar\/#\/schema\/logo\/image\/","url":"https:\/\/xxivcac.fica.unsl.edu.ar\/wp-content\/uploads\/2024\/12\/logo-xxivcac.png","contentUrl":"https:\/\/xxivcac.fica.unsl.edu.ar\/wp-content\/uploads\/2024\/12\/logo-xxivcac.png","width":300,"height":219,"caption":"XXIV Congreso Argentino de Cat\u00e1lisis"},"image":{"@id":"https:\/\/xxivcac.fica.unsl.edu.ar\/#\/schema\/logo\/image\/"}}]}},"_links":{"self":[{"href":"https:\/\/xxivcac.fica.unsl.edu.ar\/index.php\/wp-json\/wp\/v2\/pages\/417","targetHints":{"allow":["GET"]}}],"collection":[{"href":"https:\/\/xxivcac.fica.unsl.edu.ar\/index.php\/wp-json\/wp\/v2\/pages"}],"about":[{"href":"https:\/\/xxivcac.fica.unsl.edu.ar\/index.php\/wp-json\/wp\/v2\/types\/page"}],"author":[{"embeddable":true,"href":"https:\/\/xxivcac.fica.unsl.edu.ar\/index.php\/wp-json\/wp\/v2\/users\/1"}],"replies":[{"embeddable":true,"href":"https:\/\/xxivcac.fica.unsl.edu.ar\/index.php\/wp-json\/wp\/v2\/comments?post=417"}],"version-history":[{"count":22,"href":"https:\/\/xxivcac.fica.unsl.edu.ar\/index.php\/wp-json\/wp\/v2\/pages\/417\/revisions"}],"predecessor-version":[{"id":634,"href":"https:\/\/xxivcac.fica.unsl.edu.ar\/index.php\/wp-json\/wp\/v2\/pages\/417\/revisions\/634"}],"wp:attachment":[{"href":"https:\/\/xxivcac.fica.unsl.edu.ar\/index.php\/wp-json\/wp\/v2\/media?parent=417"}],"curies":[{"name":"wp","href":"https:\/\/api.w.org\/{rel}","templated":true}]}}