{"id":58,"date":"2024-12-11T11:45:49","date_gmt":"2024-12-11T14:45:49","guid":{"rendered":"http:\/\/10.101.10.196\/xxivcac\/?page_id=58"},"modified":"2025-02-25T09:59:49","modified_gmt":"2025-02-25T12:59:49","slug":"areas-tematicas","status":"publish","type":"page","link":"https:\/\/xxivcac.fica.unsl.edu.ar\/index.php\/areas-tematicas\/","title":{"rendered":"\u00c1reas Tem\u00e1ticas"},"content":{"rendered":"\t\t<div data-elementor-type=\"wp-page\" data-elementor-id=\"58\" class=\"elementor elementor-58\">\n\t\t\t\t<div class=\"elementor-element elementor-element-0ea4924 e-con-full e-flex e-con e-parent\" data-id=\"0ea4924\" data-element_type=\"container\" data-settings=\"{&quot;background_background&quot;:&quot;gradient&quot;}\">\n\t\t\t\t<div class=\"elementor-element elementor-element-2fec22f exad-sticky-section-no exad-glass-effect-no elementor-widget elementor-widget-text-editor\" data-id=\"2fec22f\" data-element_type=\"widget\" data-widget_type=\"text-editor.default\">\n\t\t\t\t<div class=\"elementor-widget-container\">\n\t\t\t\t\t\t\t\t\t<p><strong>\u00c1reas Tem\u00e1ticas<\/strong><\/p>\t\t\t\t\t\t\t\t<\/div>\n\t\t\t\t<\/div>\n\t\t\t\t<\/div>\n\t\t<div class=\"elementor-element elementor-element-95f533b e-con-full e-flex e-con e-parent\" data-id=\"95f533b\" data-element_type=\"container\">\n\t\t\t\t<div class=\"elementor-element elementor-element-2928be7 exad-sticky-section-no exad-glass-effect-no elementor-widget elementor-widget-text-editor\" data-id=\"2928be7\" data-element_type=\"widget\" data-widget_type=\"text-editor.default\">\n\t\t\t\t<div class=\"elementor-widget-container\">\n\t\t\t\t\t\t\t\t\t<ol>\n<li style=\"list-style-type: upper-alpha;\"><strong>Aspectos fundamentales en cat\u00e1lisis<\/strong><\/li>\n<\/ol>\n<ul>\n<li style=\"list-style-type: none;\">\n<ul>\n<li>Dise\u00f1o racional de materiales catal\u00edticos: s\u00f3lidos nano\/micro\/meso porosos, materiales h\u00edbridos, nanopart\u00edculas, complejos organomet\u00e1licos, etc.<\/li>\n<li>Innovaci\u00f3n en la preparaci\u00f3n de catalizadores: nuevos m\u00e9todos de preparaci\u00f3n, nuevos m\u00e9todos de activaci\u00f3n, etc.<\/li>\n<li>Avances en las t\u00e9cnicas de caracterizaci\u00f3n de materiales catal\u00edticos: m\u00e9todos in-situ, espectroscop\u00edas operando, etc.<\/li>\n<li>Preparaci\u00f3n y caracterizaci\u00f3n de catalizadores estructurados.<\/li>\n<li>Cat\u00e1lisis computacional.<\/li>\n<li>Desactivaci\u00f3n y regeneraci\u00f3n de catalizadores.<\/li>\n<\/ul>\n<\/li>\n<\/ul>\n<ol start=\"2\">\n<li style=\"list-style-type: upper-alpha;\"><strong>Reacciones, reactores y procesos catal\u00edticos<\/strong><\/li>\n<\/ol>\n<ul>\n<li style=\"list-style-type: none;\">\n<ul>\n<li>Cin\u00e9tica catal\u00edtica.<\/li>\n<li>Mecanismos de reacci\u00f3n.<\/li>\n<li>Dise\u00f1o y simulaci\u00f3n de reactores catal\u00edticos.<\/li>\n<li>Intensificaci\u00f3n de procesos catal\u00edticos.<\/li>\n<li>Desarrollo de procesos catal\u00edticos sustentables.<\/li>\n<li>Tecnolog\u00eda de las biotransformaciones.<\/li>\n<\/ul>\n<\/li>\n<\/ul>\n<ol start=\"3\">\n<li style=\"list-style-type: upper-alpha;\"><strong>Cat\u00e1lisis <\/strong><strong>para la producci\u00f3n de combustibles y energ\u00eda<\/strong><\/li>\n<\/ol>\n<ul>\n<li style=\"list-style-type: none;\">\n<ul>\n<li>Producci\u00f3n, almacenamiento y utilizaci\u00f3n de hidr\u00f3geno.<\/li>\n<li>Obtenci\u00f3n de biocombustibles.<\/li>\n<li>Conversi\u00f3n de biomasa.<\/li>\n<li>Procesos GTL.<\/li>\n<li>Cat\u00e1lisis en refiner\u00edas y biorefiner\u00edas.<\/li>\n<li>Conversi\u00f3n de la energ\u00eda. Procesos Power to X: e-metanol, e-metano, e-ammonia, e-fuels.<\/li>\n<\/ul>\n<\/li>\n<\/ul>\n<ol start=\"4\">\n<li style=\"list-style-type: upper-alpha;\"><strong>Cat\u00e1lisis para la obtenci\u00f3n de productos qu\u00edmicos espec<\/strong><strong>\u00edficos<\/strong><\/li>\n<\/ol>\n<ul>\n<li style=\"list-style-type: none;\">\n<ul>\n<li>Cat\u00e1lisis para qu\u00edmica fina.<\/li>\n<li>Cat\u00e1lisis \u00e1cido-base.<\/li>\n<li>Cat\u00e1lisis por metales.<\/li>\n<li>Cat\u00e1lisis enzim\u00e1tica.<\/li>\n<li>Cat\u00e1lisis para la s\u00edntesis de pol\u00edmeros u otros materiales.<\/li>\n<\/ul>\n<\/li>\n<\/ul>\n<ol start=\"5\">\n<li style=\"list-style-type: upper-alpha;\"><strong>Cat\u00e1lisis <\/strong><strong>para preservaci\u00f3n del medioambiente<\/strong><\/li>\n<\/ol>\n<ul>\n<li style=\"list-style-type: none;\">\n<ul>\n<li>Tratamientos del aire: eliminaci\u00f3n de CO, SOx, NOx, COVs, part\u00edculas, microorganismos, etc.<\/li>\n<li>Tratamientos del agua: eliminaci\u00f3n de compuestos org\u00e1nicos, nitratos, metales pesados, microorganismos, etc.<\/li>\n<li>Conversi\u00f3n de CO2: activaci\u00f3n y valorizaci\u00f3n.<\/li><li>Conversi\u00f3n y valorizaci\u00f3n catal\u00edtica de residuos.<\/li>\n<\/ul>\n<\/li>\n<\/ul>\t\t\t\t\t\t\t\t<\/div>\n\t\t\t\t<\/div>\n\t\t\t\t<\/div>\n\t\t\t\t<\/div>\n\t\t","protected":false},"excerpt":{"rendered":"<p>\u00c1reas Tem\u00e1ticas Aspectos fundamentales en cat\u00e1lisis Dise\u00f1o racional de materiales catal\u00edticos: s\u00f3lidos nano\/micro\/meso porosos, materiales h\u00edbridos, nanopart\u00edculas, complejos organomet\u00e1licos, etc. Innovaci\u00f3n en la preparaci\u00f3n de&hellip;<\/p>\n","protected":false},"author":1,"featured_media":0,"parent":0,"menu_order":0,"comment_status":"closed","ping_status":"closed","template":"","meta":{"footnotes":""},"class_list":["post-58","page","type-page","status-publish","hentry"],"yoast_head":"<!-- This site is optimized with the Yoast SEO plugin v26.9 - https:\/\/yoast.com\/product\/yoast-seo-wordpress\/ -->\n<title>\u00c1reas Tem\u00e1ticas - XXIV Congreso Argentino de Cat\u00e1lisis<\/title>\n<meta name=\"robots\" content=\"index, follow, max-snippet:-1, max-image-preview:large, max-video-preview:-1\" \/>\n<link rel=\"canonical\" href=\"https:\/\/xxivcac.fica.unsl.edu.ar\/index.php\/areas-tematicas\/\" \/>\n<meta property=\"og:locale\" content=\"es_ES\" \/>\n<meta property=\"og:type\" content=\"article\" \/>\n<meta property=\"og:title\" content=\"\u00c1reas Tem\u00e1ticas - XXIV Congreso Argentino de Cat\u00e1lisis\" \/>\n<meta property=\"og:description\" content=\"\u00c1reas Tem\u00e1ticas Aspectos fundamentales en cat\u00e1lisis Dise\u00f1o racional de materiales catal\u00edticos: s\u00f3lidos nano\/micro\/meso porosos, materiales h\u00edbridos, nanopart\u00edculas, complejos organomet\u00e1licos, etc. Innovaci\u00f3n en la preparaci\u00f3n de&hellip;\" \/>\n<meta property=\"og:url\" content=\"https:\/\/xxivcac.fica.unsl.edu.ar\/index.php\/areas-tematicas\/\" \/>\n<meta property=\"og:site_name\" content=\"XXIV Congreso Argentino de Cat\u00e1lisis\" \/>\n<meta property=\"article:modified_time\" content=\"2025-02-25T12:59:49+00:00\" \/>\n<meta name=\"twitter:card\" content=\"summary_large_image\" \/>\n<meta name=\"twitter:label1\" content=\"Tiempo de lectura\" \/>\n\t<meta name=\"twitter:data1\" content=\"1 minuto\" \/>\n<script type=\"application\/ld+json\" class=\"yoast-schema-graph\">{\"@context\":\"https:\/\/schema.org\",\"@graph\":[{\"@type\":\"WebPage\",\"@id\":\"https:\/\/xxivcac.fica.unsl.edu.ar\/index.php\/areas-tematicas\/\",\"url\":\"https:\/\/xxivcac.fica.unsl.edu.ar\/index.php\/areas-tematicas\/\",\"name\":\"\u00c1reas Tem\u00e1ticas - XXIV Congreso Argentino de Cat\u00e1lisis\",\"isPartOf\":{\"@id\":\"https:\/\/xxivcac.fica.unsl.edu.ar\/#website\"},\"datePublished\":\"2024-12-11T14:45:49+00:00\",\"dateModified\":\"2025-02-25T12:59:49+00:00\",\"breadcrumb\":{\"@id\":\"https:\/\/xxivcac.fica.unsl.edu.ar\/index.php\/areas-tematicas\/#breadcrumb\"},\"inLanguage\":\"es-AR\",\"potentialAction\":[{\"@type\":\"ReadAction\",\"target\":[\"https:\/\/xxivcac.fica.unsl.edu.ar\/index.php\/areas-tematicas\/\"]}]},{\"@type\":\"BreadcrumbList\",\"@id\":\"https:\/\/xxivcac.fica.unsl.edu.ar\/index.php\/areas-tematicas\/#breadcrumb\",\"itemListElement\":[{\"@type\":\"ListItem\",\"position\":1,\"name\":\"Inicio\",\"item\":\"https:\/\/xxivcac.fica.unsl.edu.ar\/\"},{\"@type\":\"ListItem\",\"position\":2,\"name\":\"\u00c1reas Tem\u00e1ticas\"}]},{\"@type\":\"WebSite\",\"@id\":\"https:\/\/xxivcac.fica.unsl.edu.ar\/#website\",\"url\":\"https:\/\/xxivcac.fica.unsl.edu.ar\/\",\"name\":\"XXIV Congreso Argentino de Cat\u00e1lisis\",\"description\":\"\",\"publisher\":{\"@id\":\"https:\/\/xxivcac.fica.unsl.edu.ar\/#organization\"},\"potentialAction\":[{\"@type\":\"SearchAction\",\"target\":{\"@type\":\"EntryPoint\",\"urlTemplate\":\"https:\/\/xxivcac.fica.unsl.edu.ar\/?s={search_term_string}\"},\"query-input\":{\"@type\":\"PropertyValueSpecification\",\"valueRequired\":true,\"valueName\":\"search_term_string\"}}],\"inLanguage\":\"es-AR\"},{\"@type\":\"Organization\",\"@id\":\"https:\/\/xxivcac.fica.unsl.edu.ar\/#organization\",\"name\":\"XXIV Congreso Argentino de Cat\u00e1lisis\",\"url\":\"https:\/\/xxivcac.fica.unsl.edu.ar\/\",\"logo\":{\"@type\":\"ImageObject\",\"inLanguage\":\"es-AR\",\"@id\":\"https:\/\/xxivcac.fica.unsl.edu.ar\/#\/schema\/logo\/image\/\",\"url\":\"https:\/\/xxivcac.fica.unsl.edu.ar\/wp-content\/uploads\/2024\/12\/logo-xxivcac.png\",\"contentUrl\":\"https:\/\/xxivcac.fica.unsl.edu.ar\/wp-content\/uploads\/2024\/12\/logo-xxivcac.png\",\"width\":300,\"height\":219,\"caption\":\"XXIV Congreso Argentino de Cat\u00e1lisis\"},\"image\":{\"@id\":\"https:\/\/xxivcac.fica.unsl.edu.ar\/#\/schema\/logo\/image\/\"}}]}<\/script>\n<!-- \/ Yoast SEO plugin. -->","yoast_head_json":{"title":"\u00c1reas Tem\u00e1ticas - XXIV Congreso Argentino de Cat\u00e1lisis","robots":{"index":"index","follow":"follow","max-snippet":"max-snippet:-1","max-image-preview":"max-image-preview:large","max-video-preview":"max-video-preview:-1"},"canonical":"https:\/\/xxivcac.fica.unsl.edu.ar\/index.php\/areas-tematicas\/","og_locale":"es_ES","og_type":"article","og_title":"\u00c1reas Tem\u00e1ticas - XXIV Congreso Argentino de Cat\u00e1lisis","og_description":"\u00c1reas Tem\u00e1ticas Aspectos fundamentales en cat\u00e1lisis Dise\u00f1o racional de materiales catal\u00edticos: s\u00f3lidos nano\/micro\/meso porosos, materiales h\u00edbridos, nanopart\u00edculas, complejos organomet\u00e1licos, etc. Innovaci\u00f3n en la preparaci\u00f3n de&hellip;","og_url":"https:\/\/xxivcac.fica.unsl.edu.ar\/index.php\/areas-tematicas\/","og_site_name":"XXIV Congreso Argentino de Cat\u00e1lisis","article_modified_time":"2025-02-25T12:59:49+00:00","twitter_card":"summary_large_image","twitter_misc":{"Tiempo de lectura":"1 minuto"},"schema":{"@context":"https:\/\/schema.org","@graph":[{"@type":"WebPage","@id":"https:\/\/xxivcac.fica.unsl.edu.ar\/index.php\/areas-tematicas\/","url":"https:\/\/xxivcac.fica.unsl.edu.ar\/index.php\/areas-tematicas\/","name":"\u00c1reas Tem\u00e1ticas - XXIV Congreso Argentino de Cat\u00e1lisis","isPartOf":{"@id":"https:\/\/xxivcac.fica.unsl.edu.ar\/#website"},"datePublished":"2024-12-11T14:45:49+00:00","dateModified":"2025-02-25T12:59:49+00:00","breadcrumb":{"@id":"https:\/\/xxivcac.fica.unsl.edu.ar\/index.php\/areas-tematicas\/#breadcrumb"},"inLanguage":"es-AR","potentialAction":[{"@type":"ReadAction","target":["https:\/\/xxivcac.fica.unsl.edu.ar\/index.php\/areas-tematicas\/"]}]},{"@type":"BreadcrumbList","@id":"https:\/\/xxivcac.fica.unsl.edu.ar\/index.php\/areas-tematicas\/#breadcrumb","itemListElement":[{"@type":"ListItem","position":1,"name":"Inicio","item":"https:\/\/xxivcac.fica.unsl.edu.ar\/"},{"@type":"ListItem","position":2,"name":"\u00c1reas Tem\u00e1ticas"}]},{"@type":"WebSite","@id":"https:\/\/xxivcac.fica.unsl.edu.ar\/#website","url":"https:\/\/xxivcac.fica.unsl.edu.ar\/","name":"XXIV Congreso Argentino de Cat\u00e1lisis","description":"","publisher":{"@id":"https:\/\/xxivcac.fica.unsl.edu.ar\/#organization"},"potentialAction":[{"@type":"SearchAction","target":{"@type":"EntryPoint","urlTemplate":"https:\/\/xxivcac.fica.unsl.edu.ar\/?s={search_term_string}"},"query-input":{"@type":"PropertyValueSpecification","valueRequired":true,"valueName":"search_term_string"}}],"inLanguage":"es-AR"},{"@type":"Organization","@id":"https:\/\/xxivcac.fica.unsl.edu.ar\/#organization","name":"XXIV Congreso Argentino de Cat\u00e1lisis","url":"https:\/\/xxivcac.fica.unsl.edu.ar\/","logo":{"@type":"ImageObject","inLanguage":"es-AR","@id":"https:\/\/xxivcac.fica.unsl.edu.ar\/#\/schema\/logo\/image\/","url":"https:\/\/xxivcac.fica.unsl.edu.ar\/wp-content\/uploads\/2024\/12\/logo-xxivcac.png","contentUrl":"https:\/\/xxivcac.fica.unsl.edu.ar\/wp-content\/uploads\/2024\/12\/logo-xxivcac.png","width":300,"height":219,"caption":"XXIV Congreso Argentino de Cat\u00e1lisis"},"image":{"@id":"https:\/\/xxivcac.fica.unsl.edu.ar\/#\/schema\/logo\/image\/"}}]}},"_links":{"self":[{"href":"https:\/\/xxivcac.fica.unsl.edu.ar\/index.php\/wp-json\/wp\/v2\/pages\/58","targetHints":{"allow":["GET"]}}],"collection":[{"href":"https:\/\/xxivcac.fica.unsl.edu.ar\/index.php\/wp-json\/wp\/v2\/pages"}],"about":[{"href":"https:\/\/xxivcac.fica.unsl.edu.ar\/index.php\/wp-json\/wp\/v2\/types\/page"}],"author":[{"embeddable":true,"href":"https:\/\/xxivcac.fica.unsl.edu.ar\/index.php\/wp-json\/wp\/v2\/users\/1"}],"replies":[{"embeddable":true,"href":"https:\/\/xxivcac.fica.unsl.edu.ar\/index.php\/wp-json\/wp\/v2\/comments?post=58"}],"version-history":[{"count":26,"href":"https:\/\/xxivcac.fica.unsl.edu.ar\/index.php\/wp-json\/wp\/v2\/pages\/58\/revisions"}],"predecessor-version":[{"id":546,"href":"https:\/\/xxivcac.fica.unsl.edu.ar\/index.php\/wp-json\/wp\/v2\/pages\/58\/revisions\/546"}],"wp:attachment":[{"href":"https:\/\/xxivcac.fica.unsl.edu.ar\/index.php\/wp-json\/wp\/v2\/media?parent=58"}],"curies":[{"name":"wp","href":"https:\/\/api.w.org\/{rel}","templated":true}]}}