{"id":671,"date":"2025-09-26T10:47:35","date_gmt":"2025-09-26T13:47:35","guid":{"rendered":"http:\/\/10.101.10.196\/xxivcac\/?page_id=671"},"modified":"2025-10-29T08:27:12","modified_gmt":"2025-10-29T11:27:12","slug":"conferencias-sacat","status":"publish","type":"page","link":"https:\/\/xxivcac.fica.unsl.edu.ar\/index.php\/conferencias-sacat\/","title":{"rendered":"Conferencias SACAT"},"content":{"rendered":"\t\t<div data-elementor-type=\"wp-page\" data-elementor-id=\"671\" class=\"elementor elementor-671\">\n\t\t\t\t<div class=\"elementor-element elementor-element-894b592 e-grid e-con-boxed e-con e-parent\" data-id=\"894b592\" data-element_type=\"container\">\n\t\t\t\t\t<div class=\"e-con-inner\">\n\t\t<div class=\"elementor-element elementor-element-d3d88b6 e-con-full e-flex e-con e-child\" data-id=\"d3d88b6\" data-element_type=\"container\" data-settings=\"{&quot;background_background&quot;:&quot;gradient&quot;}\">\n\t\t\t\t<div class=\"elementor-element elementor-element-0bdb2e7 exad-sticky-section-no exad-glass-effect-no elementor-widget elementor-widget-text-editor\" data-id=\"0bdb2e7\" data-element_type=\"widget\" data-widget_type=\"text-editor.default\">\n\t\t\t\t<div class=\"elementor-widget-container\">\n\t\t\t\t\t\t\t\t\t<p style=\"text-align: center;\"><b>PREMIADOS de la SOCIEDAD ARGENTINA DE CAT\u00c1LISIS<\/b><\/p>\t\t\t\t\t\t\t\t<\/div>\n\t\t\t\t<\/div>\n\t\t\t\t<\/div>\n\t\t\t\t\t<\/div>\n\t\t\t\t<\/div>\n\t\t<div class=\"elementor-element elementor-element-e7a1081 e-flex e-con-boxed e-con e-parent\" data-id=\"e7a1081\" data-element_type=\"container\">\n\t\t\t\t\t<div class=\"e-con-inner\">\n\t\t\t\t<div class=\"elementor-element elementor-element-9ff7c59 exad-sticky-section-no exad-glass-effect-no elementor-widget elementor-widget-text-editor\" data-id=\"9ff7c59\" data-element_type=\"widget\" data-widget_type=\"text-editor.default\">\n\t\t\t\t<div class=\"elementor-widget-container\">\n\t\t\t\t\t\t\t\t\t<p><span style=\"font-weight: 400;\">Premios a la Trayectoria en Cat\u00e1lisis y Procesos Catal\u00edticos<\/span><\/p>\t\t\t\t\t\t\t\t<\/div>\n\t\t\t\t<\/div>\n\t\t\t\t\t<\/div>\n\t\t\t\t<\/div>\n\t\t<div class=\"elementor-element elementor-element-6e38d7e e-flex e-con-boxed e-con e-parent\" data-id=\"6e38d7e\" data-element_type=\"container\">\n\t\t\t\t\t<div class=\"e-con-inner\">\n\t\t<div class=\"elementor-element elementor-element-47f26e0 e-con-full e-flex e-con e-child\" data-id=\"47f26e0\" data-element_type=\"container\">\n\t\t\t\t<div class=\"elementor-element elementor-element-5cd34bc exad-sticky-section-no exad-glass-effect-no elementor-widget elementor-widget-image\" data-id=\"5cd34bc\" data-element_type=\"widget\" data-widget_type=\"image.default\">\n\t\t\t\t<div class=\"elementor-widget-container\">\n\t\t\t\t\t\t\t\t\t\t\t\t\t\t\t<img fetchpriority=\"high\" decoding=\"async\" width=\"408\" height=\"403\" src=\"https:\/\/xxivcac.fica.unsl.edu.ar\/wp-content\/uploads\/2025\/09\/Foto-Laura-Cornaglia.jpg\" class=\"attachment-full size-full wp-image-677\" alt=\"\" srcset=\"https:\/\/xxivcac.fica.unsl.edu.ar\/wp-content\/uploads\/2025\/09\/Foto-Laura-Cornaglia.jpg 408w, https:\/\/xxivcac.fica.unsl.edu.ar\/wp-content\/uploads\/2025\/09\/Foto-Laura-Cornaglia-300x296.jpg 300w\" sizes=\"(max-width: 408px) 100vw, 408px\" \/>\t\t\t\t\t\t\t\t\t\t\t\t\t\t\t<\/div>\n\t\t\t\t<\/div>\n\t\t\t\t<\/div>\n\t\t<div class=\"elementor-element elementor-element-c4ac80f e-con-full e-flex e-con e-child\" data-id=\"c4ac80f\" data-element_type=\"container\">\n\t\t\t\t<div class=\"elementor-element elementor-element-833fac3 elementor-align-right exad-sticky-section-no exad-glass-effect-no elementor-widget elementor-widget-elementskit-button\" data-id=\"833fac3\" data-element_type=\"widget\" data-widget_type=\"elementskit-button.default\">\n\t\t\t\t<div class=\"elementor-widget-container\">\n\t\t\t\t\t<div class=\"ekit-wid-con\" >\t\t<div class=\"ekit-btn-wraper\">\n\t\t\t\t\t\t\t<a href=\"#\" class=\"elementskit-btn  whitespace--normal\" id=\"\">\n\t\t\t\t\tEstrategias y cat\u00e1lisis para la producci\u00f3n de energ\u00eda con bajas emisiones de carbono\t\t\t\t<\/a>\n\t\t\t\t\t<\/div>\n        <\/div>\t\t\t\t<\/div>\n\t\t\t\t<\/div>\n\t\t\t\t<div class=\"elementor-element elementor-element-abf2b00 exad-sticky-section-no exad-glass-effect-no elementor-widget elementor-widget-text-editor\" data-id=\"abf2b00\" data-element_type=\"widget\" data-widget_type=\"text-editor.default\">\n\t\t\t\t<div class=\"elementor-widget-container\">\n\t\t\t\t\t\t\t\t\t<p><strong>Ing. Laura Mar\u00eda Cornaglia<\/strong><\/p><p><span style=\"font-weight: 400;\">Investigadora Superior del CONICET<\/span><\/p><p><span style=\"font-weight: 400;\">Instituto de Investigaciones en Cat\u00e1lisis y Petroqu\u00edmica <\/span><span style=\"font-weight: 400;\">\u201cIng. Jos\u00e9 Miguel Parera\u201d<\/span><span style=\"font-weight: 400;\"> (INCAPE)<\/span><\/p><p><span style=\"font-weight: 400;\">Profesora de la Facultad de Ingenier\u00eda Qu\u00edmica, Universidad Nacional del Litoral<\/span><\/p>\t\t\t\t\t\t\t\t<\/div>\n\t\t\t\t<\/div>\n\t\t\t\t<div class=\"elementor-element elementor-element-7c6e9bf elementor-align-center exad-sticky-section-no exad-glass-effect-no elementor-widget elementor-widget-button\" data-id=\"7c6e9bf\" data-element_type=\"widget\" data-widget_type=\"button.default\">\n\t\t\t\t<div class=\"elementor-widget-container\">\n\t\t\t\t\t\t\t\t\t<div class=\"elementor-button-wrapper\">\n\t\t\t\t\t<a class=\"elementor-button elementor-button-link elementor-size-sm\" href=\"https:\/\/xxivcac.fica.unsl.edu.ar\/wp-content\/uploads\/2025\/10\/Resumen-Conferencia-Cornaglia.pdf\" target=\"_blank\">\n\t\t\t\t\t\t<span class=\"elementor-button-content-wrapper\">\n\t\t\t\t\t\t\t\t\t<span class=\"elementor-button-text\">Ver Resumen<\/span>\n\t\t\t\t\t<\/span>\n\t\t\t\t\t<\/a>\n\t\t\t\t<\/div>\n\t\t\t\t\t\t\t\t<\/div>\n\t\t\t\t<\/div>\n\t\t\t\t<\/div>\n\t\t\t\t\t<\/div>\n\t\t\t\t<\/div>\n\t\t<div class=\"elementor-element elementor-element-7793ff5 e-flex e-con-boxed e-con e-parent\" data-id=\"7793ff5\" data-element_type=\"container\">\n\t\t\t\t\t<div class=\"e-con-inner\">\n\t\t<div class=\"elementor-element elementor-element-c6d91e8 e-con-full e-flex e-con e-child\" data-id=\"c6d91e8\" data-element_type=\"container\">\n\t\t\t\t<div class=\"elementor-element elementor-element-32b4730 exad-sticky-section-no exad-glass-effect-no elementor-widget elementor-widget-image\" data-id=\"32b4730\" data-element_type=\"widget\" data-widget_type=\"image.default\">\n\t\t\t\t<div class=\"elementor-widget-container\">\n\t\t\t\t\t\t\t\t\t\t\t\t\t\t\t<img decoding=\"async\" width=\"843\" height=\"824\" src=\"https:\/\/xxivcac.fica.unsl.edu.ar\/wp-content\/uploads\/2025\/09\/Foto-Luis-Cadus.png\" class=\"attachment-large size-large wp-image-676\" alt=\"\" srcset=\"https:\/\/xxivcac.fica.unsl.edu.ar\/wp-content\/uploads\/2025\/09\/Foto-Luis-Cadus.png 881w, https:\/\/xxivcac.fica.unsl.edu.ar\/wp-content\/uploads\/2025\/09\/Foto-Luis-Cadus-300x293.png 300w, https:\/\/xxivcac.fica.unsl.edu.ar\/wp-content\/uploads\/2025\/09\/Foto-Luis-Cadus-768x751.png 768w\" sizes=\"(max-width: 843px) 100vw, 843px\" \/>\t\t\t\t\t\t\t\t\t\t\t\t\t\t\t<\/div>\n\t\t\t\t<\/div>\n\t\t\t\t<\/div>\n\t\t<div class=\"elementor-element elementor-element-d07b3a4 e-con-full e-flex e-con e-child\" data-id=\"d07b3a4\" data-element_type=\"container\">\n\t\t\t\t<div class=\"elementor-element elementor-element-1ca2fff elementor-align-right exad-sticky-section-no exad-glass-effect-no elementor-widget elementor-widget-elementskit-button\" data-id=\"1ca2fff\" data-element_type=\"widget\" data-widget_type=\"elementskit-button.default\">\n\t\t\t\t<div class=\"elementor-widget-container\">\n\t\t\t\t\t<div class=\"ekit-wid-con\" >\t\t<div class=\"ekit-btn-wraper\">\n\t\t\t\t\t\t\t<a href=\"#\" class=\"elementskit-btn  whitespace--normal\" id=\"\">\n\t\t\t\t\tDin\u00e1mica y estados transitorios en la generaci\u00f3n de los sitios activos en m\u00faltiples reacciones heterog\u00e9neas catalizadas\t\t\t\t<\/a>\n\t\t\t\t\t<\/div>\n        <\/div>\t\t\t\t<\/div>\n\t\t\t\t<\/div>\n\t\t\t\t<div class=\"elementor-element elementor-element-33c421f exad-sticky-section-no exad-glass-effect-no elementor-widget elementor-widget-text-editor\" data-id=\"33c421f\" data-element_type=\"widget\" data-widget_type=\"text-editor.default\">\n\t\t\t\t<div class=\"elementor-widget-container\">\n\t\t\t\t\t\t\t\t\t<p><strong>Dr. Luis Eduardo Cad\u00fas<\/strong><\/p><p><span style=\"font-weight: 400;\">Investigador Superior del CONICET\u00a0<\/span><\/p><p><span style=\"font-weight: 400;\">Director del Instituto de Investigaciones en Tecnolog\u00eda Qu\u00edmica (INTEQUI)<\/span><\/p><p><span style=\"font-weight: 400;\">Profesor Titular de la Facultad de Qu\u00edmica, Bioqu\u00edmica y Farmacia, Universidad Nacional de San Luis<\/span><\/p>\t\t\t\t\t\t\t\t<\/div>\n\t\t\t\t<\/div>\n\t\t\t\t<\/div>\n\t\t\t\t\t<\/div>\n\t\t\t\t<\/div>\n\t\t<div class=\"elementor-element elementor-element-dc69354 e-flex e-con-boxed e-con e-parent\" data-id=\"dc69354\" data-element_type=\"container\">\n\t\t\t\t\t<div class=\"e-con-inner\">\n\t\t\t\t<div class=\"elementor-element elementor-element-daf5e96 exad-sticky-section-no exad-glass-effect-no elementor-widget elementor-widget-text-editor\" data-id=\"daf5e96\" data-element_type=\"widget\" data-widget_type=\"text-editor.default\">\n\t\t\t\t<div class=\"elementor-widget-container\">\n\t\t\t\t\t\t\t\t\t<p><span style=\"font-weight: 400;\">Premio al Investigador Joven en Cat\u00e1lisis y Procesos Catal\u00edticos<\/span><\/p>\t\t\t\t\t\t\t\t<\/div>\n\t\t\t\t<\/div>\n\t\t\t\t\t<\/div>\n\t\t\t\t<\/div>\n\t\t<div class=\"elementor-element elementor-element-40b64e6 e-flex e-con-boxed e-con e-parent\" data-id=\"40b64e6\" data-element_type=\"container\">\n\t\t\t\t\t<div class=\"e-con-inner\">\n\t\t<div class=\"elementor-element elementor-element-8187481 e-con-full e-flex e-con e-child\" data-id=\"8187481\" data-element_type=\"container\">\n\t\t\t\t<div class=\"elementor-element elementor-element-8e51f09 exad-sticky-section-no exad-glass-effect-no elementor-widget elementor-widget-image\" data-id=\"8e51f09\" data-element_type=\"widget\" data-widget_type=\"image.default\">\n\t\t\t\t<div class=\"elementor-widget-container\">\n\t\t\t\t\t\t\t\t\t\t\t\t\t\t\t<img decoding=\"async\" width=\"593\" height=\"593\" src=\"https:\/\/xxivcac.fica.unsl.edu.ar\/wp-content\/uploads\/2025\/09\/Foto-Federico-Piovano.jpg\" class=\"attachment-large size-large wp-image-674\" alt=\"\" srcset=\"https:\/\/xxivcac.fica.unsl.edu.ar\/wp-content\/uploads\/2025\/09\/Foto-Federico-Piovano.jpg 593w, https:\/\/xxivcac.fica.unsl.edu.ar\/wp-content\/uploads\/2025\/09\/Foto-Federico-Piovano-300x300.jpg 300w, https:\/\/xxivcac.fica.unsl.edu.ar\/wp-content\/uploads\/2025\/09\/Foto-Federico-Piovano-150x150.jpg 150w\" sizes=\"(max-width: 593px) 100vw, 593px\" \/>\t\t\t\t\t\t\t\t\t\t\t\t\t\t\t<\/div>\n\t\t\t\t<\/div>\n\t\t\t\t<\/div>\n\t\t<div class=\"elementor-element elementor-element-71a902f e-con-full e-flex e-con e-child\" data-id=\"71a902f\" data-element_type=\"container\">\n\t\t\t\t<div class=\"elementor-element elementor-element-a2f9a6b elementor-align-right exad-sticky-section-no exad-glass-effect-no elementor-widget elementor-widget-elementskit-button\" data-id=\"a2f9a6b\" data-element_type=\"widget\" data-widget_type=\"elementskit-button.default\">\n\t\t\t\t<div class=\"elementor-widget-container\">\n\t\t\t\t\t<div class=\"ekit-wid-con\" >\t\t<div class=\"ekit-btn-wraper\">\n\t\t\t\t\t\t\t<a href=\"#\" class=\"elementskit-btn  whitespace--normal\" id=\"\">\n\t\t\t\t\tValorizaci\u00f3n de derivados biom\u00e1sicos de salvado de trigo con catalizadores basados en circonia nanoporosa\t\t\t\t<\/a>\n\t\t\t\t\t<\/div>\n        <\/div>\t\t\t\t<\/div>\n\t\t\t\t<\/div>\n\t\t\t\t<div class=\"elementor-element elementor-element-deacde1 exad-sticky-section-no exad-glass-effect-no elementor-widget elementor-widget-text-editor\" data-id=\"deacde1\" data-element_type=\"widget\" data-widget_type=\"text-editor.default\">\n\t\t\t\t<div class=\"elementor-widget-container\">\n\t\t\t\t\t\t\t\t\t<p><strong>Dr. Federico Andr\u00e9s Piovano<\/strong><\/p><p><span style=\"font-weight: 400;\">Becario Posdoctoral del CONICET<\/span><\/p><p><span style=\"font-weight: 400;\">Instituto de Investigaciones en Cat\u00e1lisis y Petroqu\u00edmica <\/span><span style=\"font-weight: 400;\">\u201cIng. Jos\u00e9 Miguel Parera\u201d<\/span><span style=\"font-weight: 400;\"> (INCAPE)<\/span><\/p><p><span style=\"font-weight: 400;\">Docente colaborador de la Facultad de Ingenier\u00eda Qu\u00edmica, Universidad Nacional del Litoral<\/span><\/p>\t\t\t\t\t\t\t\t<\/div>\n\t\t\t\t<\/div>\n\t\t\t\t<\/div>\n\t\t\t\t\t<\/div>\n\t\t\t\t<\/div>\n\t\t\t\t<\/div>\n\t\t","protected":false},"excerpt":{"rendered":"<p>PREMIADOS de la SOCIEDAD ARGENTINA DE CAT\u00c1LISIS Premios a la Trayectoria en Cat\u00e1lisis y Procesos Catal\u00edticos Estrategias y cat\u00e1lisis para la producci\u00f3n de energ\u00eda con&hellip;<\/p>\n","protected":false},"author":1,"featured_media":0,"parent":0,"menu_order":0,"comment_status":"closed","ping_status":"closed","template":"","meta":{"footnotes":""},"class_list":["post-671","page","type-page","status-publish","hentry"],"yoast_head":"<!-- This site is optimized with the Yoast SEO plugin v26.9 - https:\/\/yoast.com\/product\/yoast-seo-wordpress\/ -->\n<title>Conferencias SACAT - XXIV Congreso Argentino de Cat\u00e1lisis<\/title>\n<meta name=\"robots\" content=\"index, follow, max-snippet:-1, max-image-preview:large, max-video-preview:-1\" \/>\n<link rel=\"canonical\" href=\"https:\/\/xxivcac.fica.unsl.edu.ar\/index.php\/conferencias-sacat\/\" \/>\n<meta property=\"og:locale\" content=\"es_ES\" \/>\n<meta property=\"og:type\" content=\"article\" \/>\n<meta property=\"og:title\" content=\"Conferencias SACAT - XXIV Congreso Argentino de Cat\u00e1lisis\" \/>\n<meta property=\"og:description\" content=\"PREMIADOS de la SOCIEDAD ARGENTINA DE CAT\u00c1LISIS Premios a la Trayectoria en Cat\u00e1lisis y Procesos Catal\u00edticos Estrategias y cat\u00e1lisis para la producci\u00f3n de energ\u00eda con&hellip;\" \/>\n<meta property=\"og:url\" content=\"https:\/\/xxivcac.fica.unsl.edu.ar\/index.php\/conferencias-sacat\/\" \/>\n<meta property=\"og:site_name\" content=\"XXIV Congreso Argentino de Cat\u00e1lisis\" \/>\n<meta property=\"article:modified_time\" content=\"2025-10-29T11:27:12+00:00\" \/>\n<meta property=\"og:image\" content=\"https:\/\/xxivcac.fica.unsl.edu.ar\/wp-content\/uploads\/2025\/09\/Foto-Laura-Cornaglia.jpg\" \/>\n\t<meta property=\"og:image:width\" content=\"408\" \/>\n\t<meta property=\"og:image:height\" content=\"403\" \/>\n\t<meta property=\"og:image:type\" content=\"image\/jpeg\" \/>\n<meta name=\"twitter:card\" content=\"summary_large_image\" \/>\n<meta name=\"twitter:label1\" content=\"Tiempo de lectura\" \/>\n\t<meta name=\"twitter:data1\" content=\"2 minutos\" \/>\n<script type=\"application\/ld+json\" class=\"yoast-schema-graph\">{\"@context\":\"https:\/\/schema.org\",\"@graph\":[{\"@type\":\"WebPage\",\"@id\":\"https:\/\/xxivcac.fica.unsl.edu.ar\/index.php\/conferencias-sacat\/\",\"url\":\"https:\/\/xxivcac.fica.unsl.edu.ar\/index.php\/conferencias-sacat\/\",\"name\":\"Conferencias SACAT - XXIV Congreso Argentino de Cat\u00e1lisis\",\"isPartOf\":{\"@id\":\"https:\/\/xxivcac.fica.unsl.edu.ar\/#website\"},\"primaryImageOfPage\":{\"@id\":\"https:\/\/xxivcac.fica.unsl.edu.ar\/index.php\/conferencias-sacat\/#primaryimage\"},\"image\":{\"@id\":\"https:\/\/xxivcac.fica.unsl.edu.ar\/index.php\/conferencias-sacat\/#primaryimage\"},\"thumbnailUrl\":\"https:\/\/xxivcac.fica.unsl.edu.ar\/wp-content\/uploads\/2025\/09\/Foto-Laura-Cornaglia.jpg\",\"datePublished\":\"2025-09-26T13:47:35+00:00\",\"dateModified\":\"2025-10-29T11:27:12+00:00\",\"breadcrumb\":{\"@id\":\"https:\/\/xxivcac.fica.unsl.edu.ar\/index.php\/conferencias-sacat\/#breadcrumb\"},\"inLanguage\":\"es-AR\",\"potentialAction\":[{\"@type\":\"ReadAction\",\"target\":[\"https:\/\/xxivcac.fica.unsl.edu.ar\/index.php\/conferencias-sacat\/\"]}]},{\"@type\":\"ImageObject\",\"inLanguage\":\"es-AR\",\"@id\":\"https:\/\/xxivcac.fica.unsl.edu.ar\/index.php\/conferencias-sacat\/#primaryimage\",\"url\":\"https:\/\/xxivcac.fica.unsl.edu.ar\/wp-content\/uploads\/2025\/09\/Foto-Laura-Cornaglia.jpg\",\"contentUrl\":\"https:\/\/xxivcac.fica.unsl.edu.ar\/wp-content\/uploads\/2025\/09\/Foto-Laura-Cornaglia.jpg\",\"width\":408,\"height\":403},{\"@type\":\"BreadcrumbList\",\"@id\":\"https:\/\/xxivcac.fica.unsl.edu.ar\/index.php\/conferencias-sacat\/#breadcrumb\",\"itemListElement\":[{\"@type\":\"ListItem\",\"position\":1,\"name\":\"Inicio\",\"item\":\"https:\/\/xxivcac.fica.unsl.edu.ar\/\"},{\"@type\":\"ListItem\",\"position\":2,\"name\":\"Conferencias SACAT\"}]},{\"@type\":\"WebSite\",\"@id\":\"https:\/\/xxivcac.fica.unsl.edu.ar\/#website\",\"url\":\"https:\/\/xxivcac.fica.unsl.edu.ar\/\",\"name\":\"XXIV Congreso Argentino de Cat\u00e1lisis\",\"description\":\"\",\"publisher\":{\"@id\":\"https:\/\/xxivcac.fica.unsl.edu.ar\/#organization\"},\"potentialAction\":[{\"@type\":\"SearchAction\",\"target\":{\"@type\":\"EntryPoint\",\"urlTemplate\":\"https:\/\/xxivcac.fica.unsl.edu.ar\/?s={search_term_string}\"},\"query-input\":{\"@type\":\"PropertyValueSpecification\",\"valueRequired\":true,\"valueName\":\"search_term_string\"}}],\"inLanguage\":\"es-AR\"},{\"@type\":\"Organization\",\"@id\":\"https:\/\/xxivcac.fica.unsl.edu.ar\/#organization\",\"name\":\"XXIV Congreso Argentino de Cat\u00e1lisis\",\"url\":\"https:\/\/xxivcac.fica.unsl.edu.ar\/\",\"logo\":{\"@type\":\"ImageObject\",\"inLanguage\":\"es-AR\",\"@id\":\"https:\/\/xxivcac.fica.unsl.edu.ar\/#\/schema\/logo\/image\/\",\"url\":\"https:\/\/xxivcac.fica.unsl.edu.ar\/wp-content\/uploads\/2024\/12\/logo-xxivcac.png\",\"contentUrl\":\"https:\/\/xxivcac.fica.unsl.edu.ar\/wp-content\/uploads\/2024\/12\/logo-xxivcac.png\",\"width\":300,\"height\":219,\"caption\":\"XXIV Congreso Argentino de Cat\u00e1lisis\"},\"image\":{\"@id\":\"https:\/\/xxivcac.fica.unsl.edu.ar\/#\/schema\/logo\/image\/\"}}]}<\/script>\n<!-- \/ Yoast SEO plugin. -->","yoast_head_json":{"title":"Conferencias SACAT - XXIV Congreso Argentino de Cat\u00e1lisis","robots":{"index":"index","follow":"follow","max-snippet":"max-snippet:-1","max-image-preview":"max-image-preview:large","max-video-preview":"max-video-preview:-1"},"canonical":"https:\/\/xxivcac.fica.unsl.edu.ar\/index.php\/conferencias-sacat\/","og_locale":"es_ES","og_type":"article","og_title":"Conferencias SACAT - XXIV Congreso Argentino de Cat\u00e1lisis","og_description":"PREMIADOS de la SOCIEDAD ARGENTINA DE CAT\u00c1LISIS Premios a la Trayectoria en Cat\u00e1lisis y Procesos Catal\u00edticos Estrategias y cat\u00e1lisis para la producci\u00f3n de energ\u00eda con&hellip;","og_url":"https:\/\/xxivcac.fica.unsl.edu.ar\/index.php\/conferencias-sacat\/","og_site_name":"XXIV Congreso Argentino de Cat\u00e1lisis","article_modified_time":"2025-10-29T11:27:12+00:00","og_image":[{"width":408,"height":403,"url":"https:\/\/xxivcac.fica.unsl.edu.ar\/wp-content\/uploads\/2025\/09\/Foto-Laura-Cornaglia.jpg","type":"image\/jpeg"}],"twitter_card":"summary_large_image","twitter_misc":{"Tiempo de lectura":"2 minutos"},"schema":{"@context":"https:\/\/schema.org","@graph":[{"@type":"WebPage","@id":"https:\/\/xxivcac.fica.unsl.edu.ar\/index.php\/conferencias-sacat\/","url":"https:\/\/xxivcac.fica.unsl.edu.ar\/index.php\/conferencias-sacat\/","name":"Conferencias SACAT - XXIV Congreso Argentino de Cat\u00e1lisis","isPartOf":{"@id":"https:\/\/xxivcac.fica.unsl.edu.ar\/#website"},"primaryImageOfPage":{"@id":"https:\/\/xxivcac.fica.unsl.edu.ar\/index.php\/conferencias-sacat\/#primaryimage"},"image":{"@id":"https:\/\/xxivcac.fica.unsl.edu.ar\/index.php\/conferencias-sacat\/#primaryimage"},"thumbnailUrl":"https:\/\/xxivcac.fica.unsl.edu.ar\/wp-content\/uploads\/2025\/09\/Foto-Laura-Cornaglia.jpg","datePublished":"2025-09-26T13:47:35+00:00","dateModified":"2025-10-29T11:27:12+00:00","breadcrumb":{"@id":"https:\/\/xxivcac.fica.unsl.edu.ar\/index.php\/conferencias-sacat\/#breadcrumb"},"inLanguage":"es-AR","potentialAction":[{"@type":"ReadAction","target":["https:\/\/xxivcac.fica.unsl.edu.ar\/index.php\/conferencias-sacat\/"]}]},{"@type":"ImageObject","inLanguage":"es-AR","@id":"https:\/\/xxivcac.fica.unsl.edu.ar\/index.php\/conferencias-sacat\/#primaryimage","url":"https:\/\/xxivcac.fica.unsl.edu.ar\/wp-content\/uploads\/2025\/09\/Foto-Laura-Cornaglia.jpg","contentUrl":"https:\/\/xxivcac.fica.unsl.edu.ar\/wp-content\/uploads\/2025\/09\/Foto-Laura-Cornaglia.jpg","width":408,"height":403},{"@type":"BreadcrumbList","@id":"https:\/\/xxivcac.fica.unsl.edu.ar\/index.php\/conferencias-sacat\/#breadcrumb","itemListElement":[{"@type":"ListItem","position":1,"name":"Inicio","item":"https:\/\/xxivcac.fica.unsl.edu.ar\/"},{"@type":"ListItem","position":2,"name":"Conferencias SACAT"}]},{"@type":"WebSite","@id":"https:\/\/xxivcac.fica.unsl.edu.ar\/#website","url":"https:\/\/xxivcac.fica.unsl.edu.ar\/","name":"XXIV Congreso Argentino de Cat\u00e1lisis","description":"","publisher":{"@id":"https:\/\/xxivcac.fica.unsl.edu.ar\/#organization"},"potentialAction":[{"@type":"SearchAction","target":{"@type":"EntryPoint","urlTemplate":"https:\/\/xxivcac.fica.unsl.edu.ar\/?s={search_term_string}"},"query-input":{"@type":"PropertyValueSpecification","valueRequired":true,"valueName":"search_term_string"}}],"inLanguage":"es-AR"},{"@type":"Organization","@id":"https:\/\/xxivcac.fica.unsl.edu.ar\/#organization","name":"XXIV Congreso Argentino de Cat\u00e1lisis","url":"https:\/\/xxivcac.fica.unsl.edu.ar\/","logo":{"@type":"ImageObject","inLanguage":"es-AR","@id":"https:\/\/xxivcac.fica.unsl.edu.ar\/#\/schema\/logo\/image\/","url":"https:\/\/xxivcac.fica.unsl.edu.ar\/wp-content\/uploads\/2024\/12\/logo-xxivcac.png","contentUrl":"https:\/\/xxivcac.fica.unsl.edu.ar\/wp-content\/uploads\/2024\/12\/logo-xxivcac.png","width":300,"height":219,"caption":"XXIV Congreso Argentino de Cat\u00e1lisis"},"image":{"@id":"https:\/\/xxivcac.fica.unsl.edu.ar\/#\/schema\/logo\/image\/"}}]}},"_links":{"self":[{"href":"https:\/\/xxivcac.fica.unsl.edu.ar\/index.php\/wp-json\/wp\/v2\/pages\/671","targetHints":{"allow":["GET"]}}],"collection":[{"href":"https:\/\/xxivcac.fica.unsl.edu.ar\/index.php\/wp-json\/wp\/v2\/pages"}],"about":[{"href":"https:\/\/xxivcac.fica.unsl.edu.ar\/index.php\/wp-json\/wp\/v2\/types\/page"}],"author":[{"embeddable":true,"href":"https:\/\/xxivcac.fica.unsl.edu.ar\/index.php\/wp-json\/wp\/v2\/users\/1"}],"replies":[{"embeddable":true,"href":"https:\/\/xxivcac.fica.unsl.edu.ar\/index.php\/wp-json\/wp\/v2\/comments?post=671"}],"version-history":[{"count":7,"href":"https:\/\/xxivcac.fica.unsl.edu.ar\/index.php\/wp-json\/wp\/v2\/pages\/671\/revisions"}],"predecessor-version":[{"id":831,"href":"https:\/\/xxivcac.fica.unsl.edu.ar\/index.php\/wp-json\/wp\/v2\/pages\/671\/revisions\/831"}],"wp:attachment":[{"href":"https:\/\/xxivcac.fica.unsl.edu.ar\/index.php\/wp-json\/wp\/v2\/media?parent=671"}],"curies":[{"name":"wp","href":"https:\/\/api.w.org\/{rel}","templated":true}]}}