{"id":692,"date":"2025-10-07T10:08:36","date_gmt":"2025-10-07T13:08:36","guid":{"rendered":"http:\/\/10.101.10.196\/xxivcac\/?page_id=692"},"modified":"2025-10-13T11:07:03","modified_gmt":"2025-10-13T14:07:03","slug":"novedades","status":"publish","type":"page","link":"https:\/\/xxivcac.fica.unsl.edu.ar\/index.php\/novedades\/","title":{"rendered":"Novedades"},"content":{"rendered":"\t\t<div data-elementor-type=\"wp-page\" data-elementor-id=\"692\" class=\"elementor elementor-692\">\n\t\t\t\t<div class=\"elementor-element elementor-element-894b592 e-grid e-con-boxed e-con e-parent\" data-id=\"894b592\" data-element_type=\"container\">\n\t\t\t\t\t<div class=\"e-con-inner\">\n\t\t<div class=\"elementor-element elementor-element-d3d88b6 e-con-full e-flex e-con e-child\" data-id=\"d3d88b6\" data-element_type=\"container\" data-settings=\"{&quot;background_background&quot;:&quot;gradient&quot;}\">\n\t\t\t\t<div class=\"elementor-element elementor-element-0bdb2e7 exad-sticky-section-no exad-glass-effect-no elementor-widget elementor-widget-text-editor\" data-id=\"0bdb2e7\" data-element_type=\"widget\" data-widget_type=\"text-editor.default\">\n\t\t\t\t<div class=\"elementor-widget-container\">\n\t\t\t\t\t\t\t\t\t<p>Novedades<\/p>\t\t\t\t\t\t\t\t<\/div>\n\t\t\t\t<\/div>\n\t\t\t\t<\/div>\n\t\t\t\t\t<\/div>\n\t\t\t\t<\/div>\n\t\t<div class=\"elementor-element elementor-element-58462ca e-con-full e-flex e-con e-parent\" data-id=\"58462ca\" data-element_type=\"container\">\n\t\t<div class=\"elementor-element elementor-element-c462661 e-con-full e-flex e-con e-child\" data-id=\"c462661\" data-element_type=\"container\">\n\t\t\t\t<div class=\"elementor-element elementor-element-91429b9 elementor-widget__width-initial exad-sticky-section-no exad-glass-effect-no elementor-widget elementor-widget-image\" data-id=\"91429b9\" data-element_type=\"widget\" data-widget_type=\"image.default\">\n\t\t\t\t<div class=\"elementor-widget-container\">\n\t\t\t\t\t\t\t\t\t\t\t\t\t\t\t<img fetchpriority=\"high\" decoding=\"async\" width=\"640\" height=\"1024\" src=\"https:\/\/xxivcac.fica.unsl.edu.ar\/wp-content\/uploads\/2025\/10\/Coctel-640x1024.png\" class=\"attachment-large size-large wp-image-749\" alt=\"\" srcset=\"https:\/\/xxivcac.fica.unsl.edu.ar\/wp-content\/uploads\/2025\/10\/Coctel-640x1024.png 640w, https:\/\/xxivcac.fica.unsl.edu.ar\/wp-content\/uploads\/2025\/10\/Coctel-188x300.png 188w, https:\/\/xxivcac.fica.unsl.edu.ar\/wp-content\/uploads\/2025\/10\/Coctel-768x1229.png 768w, https:\/\/xxivcac.fica.unsl.edu.ar\/wp-content\/uploads\/2025\/10\/Coctel-960x1536.png 960w, https:\/\/xxivcac.fica.unsl.edu.ar\/wp-content\/uploads\/2025\/10\/Coctel-1280x2048.png 1280w, https:\/\/xxivcac.fica.unsl.edu.ar\/wp-content\/uploads\/2025\/10\/Coctel-scaled.png 1600w\" sizes=\"(max-width: 640px) 100vw, 640px\" \/>\t\t\t\t\t\t\t\t\t\t\t\t\t\t\t<\/div>\n\t\t\t\t<\/div>\n\t\t\t\t<\/div>\n\t\t<div class=\"elementor-element elementor-element-774bc3d e-con-full e-flex e-con e-child\" data-id=\"774bc3d\" data-element_type=\"container\">\n\t\t\t\t<div class=\"elementor-element elementor-element-e22f3a9 exad-sticky-section-no exad-glass-effect-no elementor-widget elementor-widget-image\" data-id=\"e22f3a9\" data-element_type=\"widget\" data-widget_type=\"image.default\">\n\t\t\t\t<div class=\"elementor-widget-container\">\n\t\t\t\t\t\t\t\t\t\t\t\t\t\t\t<img decoding=\"async\" width=\"843\" height=\"590\" src=\"https:\/\/xxivcac.fica.unsl.edu.ar\/wp-content\/uploads\/2025\/10\/Gala-1024x717.png\" class=\"attachment-large size-large wp-image-750\" alt=\"\" srcset=\"https:\/\/xxivcac.fica.unsl.edu.ar\/wp-content\/uploads\/2025\/10\/Gala-1024x717.png 1024w, https:\/\/xxivcac.fica.unsl.edu.ar\/wp-content\/uploads\/2025\/10\/Gala-300x210.png 300w, https:\/\/xxivcac.fica.unsl.edu.ar\/wp-content\/uploads\/2025\/10\/Gala-768x538.png 768w, https:\/\/xxivcac.fica.unsl.edu.ar\/wp-content\/uploads\/2025\/10\/Gala-1536x1075.png 1536w, https:\/\/xxivcac.fica.unsl.edu.ar\/wp-content\/uploads\/2025\/10\/Gala-2048x1434.png 2048w\" sizes=\"(max-width: 843px) 100vw, 843px\" \/>\t\t\t\t\t\t\t\t\t\t\t\t\t\t\t<\/div>\n\t\t\t\t<\/div>\n\t\t\t\t<\/div>\n\t\t\t\t<\/div>\n\t\t<div class=\"elementor-element elementor-element-6e38d7e e-flex e-con-boxed e-con e-parent\" data-id=\"6e38d7e\" data-element_type=\"container\">\n\t\t\t\t\t<div class=\"e-con-inner\">\n\t\t<div class=\"elementor-element elementor-element-47f26e0 e-con-full e-flex e-con e-child\" data-id=\"47f26e0\" data-element_type=\"container\">\n\t\t\t\t<div class=\"elementor-element elementor-element-84711b3 elementor-view-default elementor-position-block-start elementor-mobile-position-block-start exad-sticky-section-no exad-glass-effect-no elementor-widget elementor-widget-icon-box\" data-id=\"84711b3\" data-element_type=\"widget\" data-widget_type=\"icon-box.default\">\n\t\t\t\t<div class=\"elementor-widget-container\">\n\t\t\t\t\t\t\t<div class=\"elementor-icon-box-wrapper\">\n\n\t\t\t\t\t\t<div class=\"elementor-icon-box-icon\">\n\t\t\t\t<span  class=\"elementor-icon\">\n\t\t\t\t<svg aria-hidden=\"true\" class=\"e-font-icon-svg e-fas-cocktail\" viewBox=\"0 0 576 512\" xmlns=\"http:\/\/www.w3.org\/2000\/svg\"><path d=\"M296 464h-56V338.78l168.74-168.73c15.52-15.52 4.53-42.05-17.42-42.05H24.68c-21.95 0-32.94 26.53-17.42 42.05L176 338.78V464h-56c-22.09 0-40 17.91-40 40 0 4.42 3.58 8 8 8h240c4.42 0 8-3.58 8-8 0-22.09-17.91-40-40-40zM432 0c-62.61 0-115.35 40.2-135.18 96h52.54c16.65-28.55 47.27-48 82.64-48 52.93 0 96 43.06 96 96s-43.07 96-96 96c-14.04 0-27.29-3.2-39.32-8.64l-35.26 35.26C379.23 279.92 404.59 288 432 288c79.53 0 144-64.47 144-144S511.53 0 432 0z\"><\/path><\/svg>\t\t\t\t<\/span>\n\t\t\t<\/div>\n\t\t\t\n\t\t\t\t\t\t<div class=\"elementor-icon-box-content\">\n\n\t\t\t\t\t\t\t\t\t<h3 class=\"elementor-icon-box-title\">\n\t\t\t\t\t\t<span  >\n\t\t\t\t\t\t\tTarjetas del Coctail de Bienvenida y de la Cena de Gala\t\t\t\t\t\t<\/span>\n\t\t\t\t\t<\/h3>\n\t\t\t\t\n\t\t\t\t\n\t\t\t<\/div>\n\t\t\t\n\t\t<\/div>\n\t\t\t\t\t\t<\/div>\n\t\t\t\t<\/div>\n\t\t\t\t<\/div>\n\t\t<div class=\"elementor-element elementor-element-c4ac80f e-con-full e-flex e-con e-child\" data-id=\"c4ac80f\" data-element_type=\"container\">\n\t\t\t\t<div class=\"elementor-element elementor-element-9ff7c59 exad-sticky-section-no exad-glass-effect-no elementor-widget elementor-widget-text-editor\" data-id=\"9ff7c59\" data-element_type=\"widget\" data-widget_type=\"text-editor.default\">\n\t\t\t\t<div class=\"elementor-widget-container\">\n\t\t\t\t\t\t\t\t\t<p><span style=\"color: #000000;\">Les informamos los montos de las tarjetas del Coctail de Bienvenida y de la Cena de gala para aquellas personas que les interese comprarlas para acompa\u00f1antes.<\/span><\/p><ul><li><span style=\"color: #000000;\">Monto de la tarjeta del Coctail : 25000$<\/span><\/li><li><span style=\"color: #000000;\">Monto de la tarjeta de la cena de gala: 80000$<\/span><\/li><li><span style=\"color: #000000;\">Si abona las dos tarjetas juntas el monto total ser\u00e1 de 95000$<\/span><\/li><\/ul><p><span style=\"color: #000000;\">La fecha l\u00edmite para encargarlas y pagarlas ser\u00e1 hasta el d\u00eda 24\/10.<\/span><\/p><p><span style=\"color: #000000;\">El pago se deber\u00e1 realizar a la misma cuenta de la Fundaci\u00f3n de la UNSL<\/span><br \/><span style=\"color: #000000;\">DATOS BANCARIOS:<\/span><br \/><span style=\"color: #000000;\">CBU N\u00ba 0110478720047820172072<\/span><br \/><span style=\"color: #000000;\">Cta. Cte. en Pesos N\u00b0 478-20172-07<\/span><br \/><span style=\"color: #000000;\">Banco de la Naci\u00f3n Argentina (Sucursal N\u00b0 3240 \u2013 San Luis)<\/span><br \/><span style=\"color: #000000;\">Alias: CIPRES.PALOMA.PATIN<\/span><br \/><span style=\"color: #000000;\">C\u00f3digo SWIFT: NACNARBASRA<\/span><\/p><p><span style=\"color: #000000;\">Enviar copia del comprobante con los datos de la persona que asistir\u00e1 a los eventos a los siguientes mails: <a style=\"color: #000000;\" href=\"mailto:unsl.fundacion@gmail.com\">unsl.fundacion@gmail.com<\/a>, <a style=\"color: #000000;\" href=\"mailto:tesoreriacac2025@gmail.com\">tesoreriacac2025@gmail.com<\/a><\/span><\/p>\t\t\t\t\t\t\t\t<\/div>\n\t\t\t\t<\/div>\n\t\t\t\t<\/div>\n\t\t\t\t\t<\/div>\n\t\t\t\t<\/div>\n\t\t<div class=\"elementor-element elementor-element-4011481 e-flex e-con-boxed e-con e-parent\" data-id=\"4011481\" data-element_type=\"container\">\n\t\t\t\t\t<div class=\"e-con-inner\">\n\t\t\t\t\t<\/div>\n\t\t\t\t<\/div>\n\t\t\t\t<\/div>\n\t\t","protected":false},"excerpt":{"rendered":"<p>Novedades Tarjetas del Coctail de Bienvenida y de la Cena de Gala Les informamos los montos de las tarjetas del Coctail de Bienvenida y de&hellip;<\/p>\n","protected":false},"author":1,"featured_media":0,"parent":0,"menu_order":0,"comment_status":"closed","ping_status":"closed","template":"","meta":{"footnotes":""},"class_list":["post-692","page","type-page","status-publish","hentry"],"yoast_head":"<!-- This site is optimized with the Yoast SEO plugin v26.9 - https:\/\/yoast.com\/product\/yoast-seo-wordpress\/ -->\n<title>Novedades - XXIV Congreso Argentino de Cat\u00e1lisis<\/title>\n<meta name=\"robots\" content=\"index, follow, max-snippet:-1, max-image-preview:large, max-video-preview:-1\" \/>\n<link rel=\"canonical\" href=\"https:\/\/xxivcac.fica.unsl.edu.ar\/index.php\/novedades\/\" \/>\n<meta property=\"og:locale\" content=\"es_ES\" \/>\n<meta property=\"og:type\" content=\"article\" \/>\n<meta property=\"og:title\" content=\"Novedades - XXIV Congreso Argentino de Cat\u00e1lisis\" \/>\n<meta property=\"og:description\" content=\"Novedades Tarjetas del Coctail de Bienvenida y de la Cena de Gala Les informamos los montos de las tarjetas del Coctail de Bienvenida y de&hellip;\" \/>\n<meta property=\"og:url\" content=\"https:\/\/xxivcac.fica.unsl.edu.ar\/index.php\/novedades\/\" \/>\n<meta property=\"og:site_name\" content=\"XXIV Congreso Argentino de Cat\u00e1lisis\" \/>\n<meta property=\"article:modified_time\" content=\"2025-10-13T14:07:03+00:00\" \/>\n<meta property=\"og:image\" content=\"https:\/\/xxivcac.fica.unsl.edu.ar\/wp-content\/uploads\/2025\/10\/Coctel-640x1024.png\" \/>\n<meta name=\"twitter:card\" content=\"summary_large_image\" \/>\n<meta name=\"twitter:label1\" content=\"Tiempo de lectura\" \/>\n\t<meta name=\"twitter:data1\" content=\"1 minuto\" \/>\n<script type=\"application\/ld+json\" class=\"yoast-schema-graph\">{\"@context\":\"https:\/\/schema.org\",\"@graph\":[{\"@type\":\"WebPage\",\"@id\":\"https:\/\/xxivcac.fica.unsl.edu.ar\/index.php\/novedades\/\",\"url\":\"https:\/\/xxivcac.fica.unsl.edu.ar\/index.php\/novedades\/\",\"name\":\"Novedades - XXIV Congreso Argentino de Cat\u00e1lisis\",\"isPartOf\":{\"@id\":\"https:\/\/xxivcac.fica.unsl.edu.ar\/#website\"},\"primaryImageOfPage\":{\"@id\":\"https:\/\/xxivcac.fica.unsl.edu.ar\/index.php\/novedades\/#primaryimage\"},\"image\":{\"@id\":\"https:\/\/xxivcac.fica.unsl.edu.ar\/index.php\/novedades\/#primaryimage\"},\"thumbnailUrl\":\"https:\/\/xxivcac.fica.unsl.edu.ar\/wp-content\/uploads\/2025\/10\/Coctel-640x1024.png\",\"datePublished\":\"2025-10-07T13:08:36+00:00\",\"dateModified\":\"2025-10-13T14:07:03+00:00\",\"breadcrumb\":{\"@id\":\"https:\/\/xxivcac.fica.unsl.edu.ar\/index.php\/novedades\/#breadcrumb\"},\"inLanguage\":\"es-AR\",\"potentialAction\":[{\"@type\":\"ReadAction\",\"target\":[\"https:\/\/xxivcac.fica.unsl.edu.ar\/index.php\/novedades\/\"]}]},{\"@type\":\"ImageObject\",\"inLanguage\":\"es-AR\",\"@id\":\"https:\/\/xxivcac.fica.unsl.edu.ar\/index.php\/novedades\/#primaryimage\",\"url\":\"https:\/\/xxivcac.fica.unsl.edu.ar\/wp-content\/uploads\/2025\/10\/Coctel-scaled.png\",\"contentUrl\":\"https:\/\/xxivcac.fica.unsl.edu.ar\/wp-content\/uploads\/2025\/10\/Coctel-scaled.png\",\"width\":1600,\"height\":2560},{\"@type\":\"BreadcrumbList\",\"@id\":\"https:\/\/xxivcac.fica.unsl.edu.ar\/index.php\/novedades\/#breadcrumb\",\"itemListElement\":[{\"@type\":\"ListItem\",\"position\":1,\"name\":\"Inicio\",\"item\":\"https:\/\/xxivcac.fica.unsl.edu.ar\/\"},{\"@type\":\"ListItem\",\"position\":2,\"name\":\"Novedades\"}]},{\"@type\":\"WebSite\",\"@id\":\"https:\/\/xxivcac.fica.unsl.edu.ar\/#website\",\"url\":\"https:\/\/xxivcac.fica.unsl.edu.ar\/\",\"name\":\"XXIV Congreso Argentino de Cat\u00e1lisis\",\"description\":\"\",\"publisher\":{\"@id\":\"https:\/\/xxivcac.fica.unsl.edu.ar\/#organization\"},\"potentialAction\":[{\"@type\":\"SearchAction\",\"target\":{\"@type\":\"EntryPoint\",\"urlTemplate\":\"https:\/\/xxivcac.fica.unsl.edu.ar\/?s={search_term_string}\"},\"query-input\":{\"@type\":\"PropertyValueSpecification\",\"valueRequired\":true,\"valueName\":\"search_term_string\"}}],\"inLanguage\":\"es-AR\"},{\"@type\":\"Organization\",\"@id\":\"https:\/\/xxivcac.fica.unsl.edu.ar\/#organization\",\"name\":\"XXIV Congreso Argentino de Cat\u00e1lisis\",\"url\":\"https:\/\/xxivcac.fica.unsl.edu.ar\/\",\"logo\":{\"@type\":\"ImageObject\",\"inLanguage\":\"es-AR\",\"@id\":\"https:\/\/xxivcac.fica.unsl.edu.ar\/#\/schema\/logo\/image\/\",\"url\":\"https:\/\/xxivcac.fica.unsl.edu.ar\/wp-content\/uploads\/2024\/12\/logo-xxivcac.png\",\"contentUrl\":\"https:\/\/xxivcac.fica.unsl.edu.ar\/wp-content\/uploads\/2024\/12\/logo-xxivcac.png\",\"width\":300,\"height\":219,\"caption\":\"XXIV Congreso Argentino de Cat\u00e1lisis\"},\"image\":{\"@id\":\"https:\/\/xxivcac.fica.unsl.edu.ar\/#\/schema\/logo\/image\/\"}}]}<\/script>\n<!-- \/ Yoast SEO plugin. -->","yoast_head_json":{"title":"Novedades - XXIV Congreso Argentino de Cat\u00e1lisis","robots":{"index":"index","follow":"follow","max-snippet":"max-snippet:-1","max-image-preview":"max-image-preview:large","max-video-preview":"max-video-preview:-1"},"canonical":"https:\/\/xxivcac.fica.unsl.edu.ar\/index.php\/novedades\/","og_locale":"es_ES","og_type":"article","og_title":"Novedades - XXIV Congreso Argentino de Cat\u00e1lisis","og_description":"Novedades Tarjetas del Coctail de Bienvenida y de la Cena de Gala Les informamos los montos de las tarjetas del Coctail de Bienvenida y de&hellip;","og_url":"https:\/\/xxivcac.fica.unsl.edu.ar\/index.php\/novedades\/","og_site_name":"XXIV Congreso Argentino de Cat\u00e1lisis","article_modified_time":"2025-10-13T14:07:03+00:00","og_image":[{"url":"https:\/\/xxivcac.fica.unsl.edu.ar\/wp-content\/uploads\/2025\/10\/Coctel-640x1024.png","type":"","width":"","height":""}],"twitter_card":"summary_large_image","twitter_misc":{"Tiempo de lectura":"1 minuto"},"schema":{"@context":"https:\/\/schema.org","@graph":[{"@type":"WebPage","@id":"https:\/\/xxivcac.fica.unsl.edu.ar\/index.php\/novedades\/","url":"https:\/\/xxivcac.fica.unsl.edu.ar\/index.php\/novedades\/","name":"Novedades - XXIV Congreso Argentino de Cat\u00e1lisis","isPartOf":{"@id":"https:\/\/xxivcac.fica.unsl.edu.ar\/#website"},"primaryImageOfPage":{"@id":"https:\/\/xxivcac.fica.unsl.edu.ar\/index.php\/novedades\/#primaryimage"},"image":{"@id":"https:\/\/xxivcac.fica.unsl.edu.ar\/index.php\/novedades\/#primaryimage"},"thumbnailUrl":"https:\/\/xxivcac.fica.unsl.edu.ar\/wp-content\/uploads\/2025\/10\/Coctel-640x1024.png","datePublished":"2025-10-07T13:08:36+00:00","dateModified":"2025-10-13T14:07:03+00:00","breadcrumb":{"@id":"https:\/\/xxivcac.fica.unsl.edu.ar\/index.php\/novedades\/#breadcrumb"},"inLanguage":"es-AR","potentialAction":[{"@type":"ReadAction","target":["https:\/\/xxivcac.fica.unsl.edu.ar\/index.php\/novedades\/"]}]},{"@type":"ImageObject","inLanguage":"es-AR","@id":"https:\/\/xxivcac.fica.unsl.edu.ar\/index.php\/novedades\/#primaryimage","url":"https:\/\/xxivcac.fica.unsl.edu.ar\/wp-content\/uploads\/2025\/10\/Coctel-scaled.png","contentUrl":"https:\/\/xxivcac.fica.unsl.edu.ar\/wp-content\/uploads\/2025\/10\/Coctel-scaled.png","width":1600,"height":2560},{"@type":"BreadcrumbList","@id":"https:\/\/xxivcac.fica.unsl.edu.ar\/index.php\/novedades\/#breadcrumb","itemListElement":[{"@type":"ListItem","position":1,"name":"Inicio","item":"https:\/\/xxivcac.fica.unsl.edu.ar\/"},{"@type":"ListItem","position":2,"name":"Novedades"}]},{"@type":"WebSite","@id":"https:\/\/xxivcac.fica.unsl.edu.ar\/#website","url":"https:\/\/xxivcac.fica.unsl.edu.ar\/","name":"XXIV Congreso Argentino de Cat\u00e1lisis","description":"","publisher":{"@id":"https:\/\/xxivcac.fica.unsl.edu.ar\/#organization"},"potentialAction":[{"@type":"SearchAction","target":{"@type":"EntryPoint","urlTemplate":"https:\/\/xxivcac.fica.unsl.edu.ar\/?s={search_term_string}"},"query-input":{"@type":"PropertyValueSpecification","valueRequired":true,"valueName":"search_term_string"}}],"inLanguage":"es-AR"},{"@type":"Organization","@id":"https:\/\/xxivcac.fica.unsl.edu.ar\/#organization","name":"XXIV Congreso Argentino de Cat\u00e1lisis","url":"https:\/\/xxivcac.fica.unsl.edu.ar\/","logo":{"@type":"ImageObject","inLanguage":"es-AR","@id":"https:\/\/xxivcac.fica.unsl.edu.ar\/#\/schema\/logo\/image\/","url":"https:\/\/xxivcac.fica.unsl.edu.ar\/wp-content\/uploads\/2024\/12\/logo-xxivcac.png","contentUrl":"https:\/\/xxivcac.fica.unsl.edu.ar\/wp-content\/uploads\/2024\/12\/logo-xxivcac.png","width":300,"height":219,"caption":"XXIV Congreso Argentino de Cat\u00e1lisis"},"image":{"@id":"https:\/\/xxivcac.fica.unsl.edu.ar\/#\/schema\/logo\/image\/"}}]}},"_links":{"self":[{"href":"https:\/\/xxivcac.fica.unsl.edu.ar\/index.php\/wp-json\/wp\/v2\/pages\/692","targetHints":{"allow":["GET"]}}],"collection":[{"href":"https:\/\/xxivcac.fica.unsl.edu.ar\/index.php\/wp-json\/wp\/v2\/pages"}],"about":[{"href":"https:\/\/xxivcac.fica.unsl.edu.ar\/index.php\/wp-json\/wp\/v2\/types\/page"}],"author":[{"embeddable":true,"href":"https:\/\/xxivcac.fica.unsl.edu.ar\/index.php\/wp-json\/wp\/v2\/users\/1"}],"replies":[{"embeddable":true,"href":"https:\/\/xxivcac.fica.unsl.edu.ar\/index.php\/wp-json\/wp\/v2\/comments?post=692"}],"version-history":[{"count":13,"href":"https:\/\/xxivcac.fica.unsl.edu.ar\/index.php\/wp-json\/wp\/v2\/pages\/692\/revisions"}],"predecessor-version":[{"id":754,"href":"https:\/\/xxivcac.fica.unsl.edu.ar\/index.php\/wp-json\/wp\/v2\/pages\/692\/revisions\/754"}],"wp:attachment":[{"href":"https:\/\/xxivcac.fica.unsl.edu.ar\/index.php\/wp-json\/wp\/v2\/media?parent=692"}],"curies":[{"name":"wp","href":"https:\/\/api.w.org\/{rel}","templated":true}]}}