{"id":718,"date":"2025-10-08T10:36:54","date_gmt":"2025-10-08T13:36:54","guid":{"rendered":"http:\/\/10.101.10.196\/xxivcac\/?page_id=718"},"modified":"2025-10-29T08:17:09","modified_gmt":"2025-10-29T11:17:09","slug":"programa-de-actividades","status":"publish","type":"page","link":"https:\/\/xxivcac.fica.unsl.edu.ar\/index.php\/programa-de-actividades\/","title":{"rendered":"Programa de Actividades"},"content":{"rendered":"\t\t<div data-elementor-type=\"wp-page\" data-elementor-id=\"718\" class=\"elementor elementor-718\">\n\t\t\t\t<div class=\"elementor-element elementor-element-737a99c e-flex e-con-boxed e-con e-parent\" data-id=\"737a99c\" data-element_type=\"container\">\n\t\t\t\t\t<div class=\"e-con-inner\">\n\t\t<div class=\"elementor-element elementor-element-fddcfc8 e-con-full e-flex e-con e-child\" data-id=\"fddcfc8\" data-element_type=\"container\">\n\t\t<div class=\"elementor-element elementor-element-2a58c45 e-con-full e-flex e-con e-child\" data-id=\"2a58c45\" data-element_type=\"container\">\n\t\t\t\t<div class=\"elementor-element elementor-element-3fd785e elementor-widget__width-initial exad-sticky-section-no exad-glass-effect-no elementor-widget elementor-widget-heading\" data-id=\"3fd785e\" data-element_type=\"widget\" data-widget_type=\"heading.default\">\n\t\t\t\t<div class=\"elementor-widget-container\">\n\t\t\t\t\t<h2 class=\"elementor-heading-title elementor-size-default\">Programa de Actividades<\/h2>\t\t\t\t<\/div>\n\t\t\t\t<\/div>\n\t\t\t\t<div class=\"elementor-element elementor-element-faad1f4 elementor-align-center exad-sticky-section-no exad-glass-effect-no elementor-widget elementor-widget-button\" data-id=\"faad1f4\" data-element_type=\"widget\" data-widget_type=\"button.default\">\n\t\t\t\t<div class=\"elementor-widget-container\">\n\t\t\t\t\t\t\t\t\t<div class=\"elementor-button-wrapper\">\n\t\t\t\t\t<a class=\"elementor-button elementor-button-link elementor-size-sm\" href=\"https:\/\/xxivcac.fica.unsl.edu.ar\/wp-content\/uploads\/2025\/10\/Programa-detallado-para-imprimir.pdf\" target=\"_blank\">\n\t\t\t\t\t\t<span class=\"elementor-button-content-wrapper\">\n\t\t\t\t\t\t\t\t\t<span class=\"elementor-button-text\">Ver Programa detallado<\/span>\n\t\t\t\t\t<\/span>\n\t\t\t\t\t<\/a>\n\t\t\t\t<\/div>\n\t\t\t\t\t\t\t\t<\/div>\n\t\t\t\t<\/div>\n\t\t\t\t<div class=\"elementor-element elementor-element-5c307be exad-sticky-section-no exad-glass-effect-no elementor-widget elementor-widget-image\" data-id=\"5c307be\" data-element_type=\"widget\" data-widget_type=\"image.default\">\n\t\t\t\t<div class=\"elementor-widget-container\">\n\t\t\t\t\t\t\t\t\t\t\t\t\t\t\t<img decoding=\"async\" width=\"150\" height=\"150\" src=\"https:\/\/xxivcac.fica.unsl.edu.ar\/wp-content\/uploads\/2024\/12\/cropped-logo1-150x150.png\" class=\"attachment-thumbnail size-thumbnail wp-image-9\" alt=\"\" srcset=\"https:\/\/xxivcac.fica.unsl.edu.ar\/wp-content\/uploads\/2024\/12\/cropped-logo1-150x150.png 150w, https:\/\/xxivcac.fica.unsl.edu.ar\/wp-content\/uploads\/2024\/12\/cropped-logo1-300x300.png 300w, https:\/\/xxivcac.fica.unsl.edu.ar\/wp-content\/uploads\/2024\/12\/cropped-logo1-270x270.png 270w, https:\/\/xxivcac.fica.unsl.edu.ar\/wp-content\/uploads\/2024\/12\/cropped-logo1-192x192.png 192w, https:\/\/xxivcac.fica.unsl.edu.ar\/wp-content\/uploads\/2024\/12\/cropped-logo1-180x180.png 180w, https:\/\/xxivcac.fica.unsl.edu.ar\/wp-content\/uploads\/2024\/12\/cropped-logo1-32x32.png 32w, https:\/\/xxivcac.fica.unsl.edu.ar\/wp-content\/uploads\/2024\/12\/cropped-logo1.png 512w\" sizes=\"(max-width: 150px) 100vw, 150px\" \/>\t\t\t\t\t\t\t\t\t\t\t\t\t\t\t<\/div>\n\t\t\t\t<\/div>\n\t\t\t\t<\/div>\n\t\t\t\t<div class=\"elementor-element elementor-element-0b83b48 exad-sticky-section-no exad-glass-effect-no elementor-widget elementor-widget-image\" data-id=\"0b83b48\" data-element_type=\"widget\" data-widget_type=\"image.default\">\n\t\t\t\t<div class=\"elementor-widget-container\">\n\t\t\t\t\t\t\t\t\t\t\t\t\t\t\t<img fetchpriority=\"high\" decoding=\"async\" width=\"843\" height=\"812\" src=\"https:\/\/xxivcac.fica.unsl.edu.ar\/wp-content\/uploads\/2025\/10\/cuadro-actividades.jpg\" class=\"attachment-large size-large wp-image-762\" alt=\"\" srcset=\"https:\/\/xxivcac.fica.unsl.edu.ar\/wp-content\/uploads\/2025\/10\/cuadro-actividades.jpg 869w, https:\/\/xxivcac.fica.unsl.edu.ar\/wp-content\/uploads\/2025\/10\/cuadro-actividades-300x289.jpg 300w, https:\/\/xxivcac.fica.unsl.edu.ar\/wp-content\/uploads\/2025\/10\/cuadro-actividades-768x740.jpg 768w\" sizes=\"(max-width: 843px) 100vw, 843px\" \/>\t\t\t\t\t\t\t\t\t\t\t\t\t\t\t<\/div>\n\t\t\t\t<\/div>\n\t\t\t\t<div class=\"elementor-element elementor-element-2d79346 elementor-align-center exad-sticky-section-no exad-glass-effect-no elementor-widget elementor-widget-button\" data-id=\"2d79346\" data-element_type=\"widget\" data-widget_type=\"button.default\">\n\t\t\t\t<div class=\"elementor-widget-container\">\n\t\t\t\t\t\t\t\t\t<div class=\"elementor-button-wrapper\">\n\t\t\t\t\t<a class=\"elementor-button elementor-button-link elementor-size-sm\" href=\"https:\/\/xxivcac.fica.unsl.edu.ar\/wp-content\/uploads\/2025\/10\/IDtituloautoresmodalidadsesionV2.pdf\" target=\"_blank\">\n\t\t\t\t\t\t<span class=\"elementor-button-content-wrapper\">\n\t\t\t\t\t\t\t\t\t<span class=\"elementor-button-text\">Distribuci\u00f3n de trabajos por sesi\u00f3n<\/span>\n\t\t\t\t\t<\/span>\n\t\t\t\t\t<\/a>\n\t\t\t\t<\/div>\n\t\t\t\t\t\t\t\t<\/div>\n\t\t\t\t<\/div>\n\t\t\t\t<div class=\"elementor-element elementor-element-eb58037 exad-sticky-section-no exad-glass-effect-no elementor-widget elementor-widget-text-editor\" data-id=\"eb58037\" data-element_type=\"widget\" data-widget_type=\"text-editor.default\">\n\t\t\t\t<div class=\"elementor-widget-container\">\n\t\t\t\t\t\t\t\t\t<h3><strong>Modalidades de participaci\u00f3n<\/strong><\/h3><p><strong>Exposiciones orales:<\/strong><\/p><ul><li>Las exposiciones tendr\u00e1n 12 minutos de duraci\u00f3n y a continuaci\u00f3n se dedicar\u00e1n 3 minutos para discusi\u00f3n.<\/li><li>Se solicita preparar la presentaci\u00f3n con Power Point empleando este <span style=\"color: #ff9900;\"><a style=\"color: #ff9900;\" href=\"https:\/\/xxivcac.fica.unsl.edu.ar\/wp-content\/uploads\/2025\/10\/Modelo-para-Orales.pptx\" target=\"_blank\" rel=\"noopener\"><b><u>modelo<\/u><\/b><\/a><\/span>. Poner especial atenci\u00f3n a dejar libre el espacio en el recuadro superior derecho (No ocupar est\u00e1 \u00e1rea), ya que ah\u00ed aparecer\u00e1 el timer.<\/li><li>Se recomienda guardar la presentaci\u00f3n como \u201cPresentaci\u00f3n con diapositivas de Power Point\u201d (extensi\u00f3n .pps o .ppsx) para evitar que sufra modificaciones al cambiar de PC.<\/li><li>Al guardar el archivo, nombrarlo O seguido del ID del trabajo y el autor que har\u00e1 la exposici\u00f3n. Por ejemplo: O-186-Mufari.ppsx<\/li><li>Los archivos de las presentaciones deber\u00e1n subirse a trav\u00e9s de este formulario. <strong><span style=\"color: #ff9900;\"><a style=\"color: #ff9900;\" href=\"https:\/\/forms.gle\/k8Yoa8hfhurE8Kar5\">(Formulario de env\u00edo)<\/a><\/span><\/strong><\/li><\/ul><p><strong>Presentaciones breves (Modalidad Flash):<\/strong><\/p><ul><li>Las presentaciones breves tendr\u00e1n 3 minutos de duraci\u00f3n. Al finalizar la sesi\u00f3n, se dedicar\u00e1n 10 minutos para discusi\u00f3n. Por lo tanto, se solicita que al menos un\/a autor\/a del trabajo est\u00e9 presente durante la sesi\u00f3n correspondiente.<\/li><li>Las presentaciones ser\u00e1n en formato video. Esto se puede hacer con la herramienta Grabar en Power Point, con Clipchamp (herramienta integrada de Microsoft), o cualquier aplicaci\u00f3n que le resulte conveniente.<\/li><li>Para preparar la presentaci\u00f3n se sugiere usar este <a href=\"https:\/\/xxivcac.fica.unsl.edu.ar\/wp-content\/uploads\/2025\/10\/Modelo-para-Presentacion-Flash.pptx\" target=\"_blank\" rel=\"noopener\"><strong><span style=\"color: #ff9900;\"><u>modelo<\/u><\/span><\/strong><\/a>.\u00a0<\/li><li>El archivo debe tener formato mp4, con un tama\u00f1o m\u00e1ximo de 100Mb.<\/li><li>Al guardar el archivo, asignarle el nombre PB seguido del ID del trabajo. Ejemplo: PB209.mp4<\/li><li>Los archivos de las presentaciones deber\u00e1n subirse a trav\u00e9s de este formulario. <strong><span style=\"color: #ff9900;\"><a style=\"color: #ff9900;\" href=\"https:\/\/forms.gle\/k8Yoa8hfhurE8Kar5\">(Formulario de env\u00edo)<\/a><\/span><\/strong><\/li><li>Pr\u00f3ximamente se indicar\u00e1 como hacerlo.<\/li><li>No habr\u00e1 presentaciones en formato poster en papel.<\/li><\/ul><p><strong>Conferencias plenarias:<\/strong><\/p><ul><li>Las conferencias plenarias tendr\u00e1n una duraci\u00f3n de 45 minutos, y luego, se dedicar\u00e1n 15 minutos a preguntas y discusi\u00f3n.<\/li><li>Informaci\u00f3n m\u00e1s detallada puede encontrase en la secci\u00f3n <a href=\"https:\/\/xxivcac.fica.unsl.edu.ar\/index.php\/conferencias-invitadas\/\" target=\"_blank\" rel=\"noopener\"><strong><span style=\"color: #ff9900;\"><u>Conferencias invitadas<\/u><\/span><\/strong><\/a> y <a href=\"https:\/\/xxivcac.fica.unsl.edu.ar\/index.php\/conferencias-sacat\/\" target=\"_blank\" rel=\"noopener\"><span style=\"color: #ff9900;\"><strong><u>Conferencias SACAT<\/u><\/strong><\/span><\/a><\/li><\/ul><p><strong>Mesa redonda:<\/strong><\/p><ul><li>Se realizar\u00e1 una mesa redonda que abordar\u00e1 la tem\u00e1tica de los combustibles del futuro. La misma contar\u00e1 con la participaci\u00f3n de representantes de la industria y de la comunidad cient\u00edfica. Para informaci\u00f3n m\u00e1s detallada, ver la secci\u00f3n <a href=\"https:\/\/xxivcac.fica.unsl.edu.ar\/index.php\/mesa-redonda\/\"><strong><span style=\"color: #ff9900;\"><u>Mesa Redonda<\/u><\/span><\/strong><\/a>\u00a0<\/li><li>\u00a0<\/li><\/ul><p><strong>Env\u00edo de Presentaciones:<\/strong><\/p>\t\t\t\t\t\t\t\t<\/div>\n\t\t\t\t<\/div>\n\t\t\t\t<div class=\"elementor-element elementor-element-ba76b1f elementor-align-center exad-sticky-section-no exad-glass-effect-no elementor-widget elementor-widget-button\" data-id=\"ba76b1f\" data-element_type=\"widget\" data-widget_type=\"button.default\">\n\t\t\t\t<div class=\"elementor-widget-container\">\n\t\t\t\t\t\t\t\t\t<div class=\"elementor-button-wrapper\">\n\t\t\t\t\t<a class=\"elementor-button elementor-button-link elementor-size-sm\" href=\"https:\/\/forms.gle\/k8Yoa8hfhurE8Kar5\" target=\"_blank\">\n\t\t\t\t\t\t<span class=\"elementor-button-content-wrapper\">\n\t\t\t\t\t\t\t\t\t<span class=\"elementor-button-text\">Haga clic aqu\u00ed y complete el formulario de env\u00edo<\/span>\n\t\t\t\t\t<\/span>\n\t\t\t\t\t<\/a>\n\t\t\t\t<\/div>\n\t\t\t\t\t\t\t\t<\/div>\n\t\t\t\t<\/div>\n\t\t\t\t<div class=\"elementor-element elementor-element-60a84b2 exad-sticky-section-no exad-glass-effect-no elementor-widget elementor-widget-text-editor\" data-id=\"60a84b2\" data-element_type=\"widget\" data-widget_type=\"text-editor.default\">\n\t\t\t\t<div class=\"elementor-widget-container\">\n\t\t\t\t\t\t\t\t\t<p><strong>Charla t\u00e9cnica:<\/strong><\/p><ul><li>Caio Ribeiro Gomes, quien se desempe\u00f1a en el \u00e1rea Field Marketing Latin America \u2013 Chemistry Workflow Solutions and Production Materials de la empresa Merck, ofrecer\u00e1 una charla t\u00e9cnica sobre \u201cInnovaciones sostenible en cat\u00e1lisis: enfoques diversos para impulsar la investigaci\u00f3n en este campo\u201d.<\/li><\/ul><p><strong>Asamblea de la Sociedad Argentina de Cat\u00e1lisis (SACAT):<\/strong><\/p><p><strong>Orden del d\u00eda<\/strong><\/p><ul><li>Lectura y aprobaci\u00f3n del acta de la Asamblea General Ordinaria del 17 de noviembre de 2023.<\/li><li>Informe sobre las actividades realizadas durante el per\u00edodo 2024-2025.<\/li><li>Propuesta de sede para el pr\u00f3ximo XXV Congreso Argentino de Cat\u00e1lisis.<\/li><li>Propuesta de sede para el Congreso Iberoamericano de Cat\u00e1lisis CICAT a realizarse en el a\u00f1o 2028.<\/li><li>Elecci\u00f3n de Presidente, tesorero, 1 vocal titular, 1 vocal suplente y 3 revisores de cuentas para la renovaci\u00f3n parcial de la Comisi\u00f3n Directiva.<\/li><li>Otros temas, si surgieran.<\/li><\/ul>\t\t\t\t\t\t\t\t<\/div>\n\t\t\t\t<\/div>\n\t\t\t\t<\/div>\n\t\t\t\t\t<\/div>\n\t\t\t\t<\/div>\n\t\t\t\t<\/div>\n\t\t","protected":false},"excerpt":{"rendered":"<p>Programa de Actividades Ver Programa detallado Distribuci\u00f3n de trabajos por sesi\u00f3n Modalidades de participaci\u00f3n Exposiciones orales: Las exposiciones tendr\u00e1n 12 minutos de duraci\u00f3n y a&hellip;<\/p>\n","protected":false},"author":1,"featured_media":0,"parent":0,"menu_order":0,"comment_status":"closed","ping_status":"closed","template":"","meta":{"footnotes":""},"class_list":["post-718","page","type-page","status-publish","hentry"],"yoast_head":"<!-- This site is optimized with the Yoast SEO plugin v26.9 - https:\/\/yoast.com\/product\/yoast-seo-wordpress\/ -->\n<title>Programa de Actividades - XXIV Congreso Argentino de Cat\u00e1lisis<\/title>\n<meta name=\"robots\" content=\"index, follow, max-snippet:-1, max-image-preview:large, max-video-preview:-1\" \/>\n<link rel=\"canonical\" href=\"https:\/\/xxivcac.fica.unsl.edu.ar\/index.php\/programa-de-actividades\/\" \/>\n<meta property=\"og:locale\" content=\"es_ES\" \/>\n<meta property=\"og:type\" content=\"article\" \/>\n<meta property=\"og:title\" content=\"Programa de Actividades - XXIV Congreso Argentino de Cat\u00e1lisis\" \/>\n<meta property=\"og:description\" content=\"Programa de Actividades Ver Programa detallado Distribuci\u00f3n de trabajos por sesi\u00f3n Modalidades de participaci\u00f3n Exposiciones orales: Las exposiciones tendr\u00e1n 12 minutos de duraci\u00f3n y a&hellip;\" \/>\n<meta property=\"og:url\" content=\"https:\/\/xxivcac.fica.unsl.edu.ar\/index.php\/programa-de-actividades\/\" \/>\n<meta property=\"og:site_name\" content=\"XXIV Congreso Argentino de Cat\u00e1lisis\" \/>\n<meta property=\"article:modified_time\" content=\"2025-10-29T11:17:09+00:00\" \/>\n<meta property=\"og:image\" content=\"https:\/\/xxivcac.fica.unsl.edu.ar\/wp-content\/uploads\/2024\/12\/cropped-logo1.png\" \/>\n\t<meta property=\"og:image:width\" content=\"512\" \/>\n\t<meta property=\"og:image:height\" content=\"512\" \/>\n\t<meta property=\"og:image:type\" content=\"image\/png\" \/>\n<meta name=\"twitter:card\" content=\"summary_large_image\" \/>\n<meta name=\"twitter:label1\" content=\"Tiempo de lectura\" \/>\n\t<meta name=\"twitter:data1\" content=\"3 minutos\" \/>\n<script type=\"application\/ld+json\" class=\"yoast-schema-graph\">{\"@context\":\"https:\/\/schema.org\",\"@graph\":[{\"@type\":\"WebPage\",\"@id\":\"https:\/\/xxivcac.fica.unsl.edu.ar\/index.php\/programa-de-actividades\/\",\"url\":\"https:\/\/xxivcac.fica.unsl.edu.ar\/index.php\/programa-de-actividades\/\",\"name\":\"Programa de Actividades - XXIV Congreso Argentino de Cat\u00e1lisis\",\"isPartOf\":{\"@id\":\"https:\/\/xxivcac.fica.unsl.edu.ar\/#website\"},\"primaryImageOfPage\":{\"@id\":\"https:\/\/xxivcac.fica.unsl.edu.ar\/index.php\/programa-de-actividades\/#primaryimage\"},\"image\":{\"@id\":\"https:\/\/xxivcac.fica.unsl.edu.ar\/index.php\/programa-de-actividades\/#primaryimage\"},\"thumbnailUrl\":\"https:\/\/xxivcac.fica.unsl.edu.ar\/wp-content\/uploads\/2024\/12\/cropped-logo1-150x150.png\",\"datePublished\":\"2025-10-08T13:36:54+00:00\",\"dateModified\":\"2025-10-29T11:17:09+00:00\",\"breadcrumb\":{\"@id\":\"https:\/\/xxivcac.fica.unsl.edu.ar\/index.php\/programa-de-actividades\/#breadcrumb\"},\"inLanguage\":\"es-AR\",\"potentialAction\":[{\"@type\":\"ReadAction\",\"target\":[\"https:\/\/xxivcac.fica.unsl.edu.ar\/index.php\/programa-de-actividades\/\"]}]},{\"@type\":\"ImageObject\",\"inLanguage\":\"es-AR\",\"@id\":\"https:\/\/xxivcac.fica.unsl.edu.ar\/index.php\/programa-de-actividades\/#primaryimage\",\"url\":\"https:\/\/xxivcac.fica.unsl.edu.ar\/wp-content\/uploads\/2024\/12\/cropped-logo1.png\",\"contentUrl\":\"https:\/\/xxivcac.fica.unsl.edu.ar\/wp-content\/uploads\/2024\/12\/cropped-logo1.png\",\"width\":512,\"height\":512},{\"@type\":\"BreadcrumbList\",\"@id\":\"https:\/\/xxivcac.fica.unsl.edu.ar\/index.php\/programa-de-actividades\/#breadcrumb\",\"itemListElement\":[{\"@type\":\"ListItem\",\"position\":1,\"name\":\"Inicio\",\"item\":\"https:\/\/xxivcac.fica.unsl.edu.ar\/\"},{\"@type\":\"ListItem\",\"position\":2,\"name\":\"Programa de Actividades\"}]},{\"@type\":\"WebSite\",\"@id\":\"https:\/\/xxivcac.fica.unsl.edu.ar\/#website\",\"url\":\"https:\/\/xxivcac.fica.unsl.edu.ar\/\",\"name\":\"XXIV Congreso Argentino de Cat\u00e1lisis\",\"description\":\"\",\"publisher\":{\"@id\":\"https:\/\/xxivcac.fica.unsl.edu.ar\/#organization\"},\"potentialAction\":[{\"@type\":\"SearchAction\",\"target\":{\"@type\":\"EntryPoint\",\"urlTemplate\":\"https:\/\/xxivcac.fica.unsl.edu.ar\/?s={search_term_string}\"},\"query-input\":{\"@type\":\"PropertyValueSpecification\",\"valueRequired\":true,\"valueName\":\"search_term_string\"}}],\"inLanguage\":\"es-AR\"},{\"@type\":\"Organization\",\"@id\":\"https:\/\/xxivcac.fica.unsl.edu.ar\/#organization\",\"name\":\"XXIV Congreso Argentino de Cat\u00e1lisis\",\"url\":\"https:\/\/xxivcac.fica.unsl.edu.ar\/\",\"logo\":{\"@type\":\"ImageObject\",\"inLanguage\":\"es-AR\",\"@id\":\"https:\/\/xxivcac.fica.unsl.edu.ar\/#\/schema\/logo\/image\/\",\"url\":\"https:\/\/xxivcac.fica.unsl.edu.ar\/wp-content\/uploads\/2024\/12\/logo-xxivcac.png\",\"contentUrl\":\"https:\/\/xxivcac.fica.unsl.edu.ar\/wp-content\/uploads\/2024\/12\/logo-xxivcac.png\",\"width\":300,\"height\":219,\"caption\":\"XXIV Congreso Argentino de Cat\u00e1lisis\"},\"image\":{\"@id\":\"https:\/\/xxivcac.fica.unsl.edu.ar\/#\/schema\/logo\/image\/\"}}]}<\/script>\n<!-- \/ Yoast SEO plugin. -->","yoast_head_json":{"title":"Programa de Actividades - XXIV Congreso Argentino de Cat\u00e1lisis","robots":{"index":"index","follow":"follow","max-snippet":"max-snippet:-1","max-image-preview":"max-image-preview:large","max-video-preview":"max-video-preview:-1"},"canonical":"https:\/\/xxivcac.fica.unsl.edu.ar\/index.php\/programa-de-actividades\/","og_locale":"es_ES","og_type":"article","og_title":"Programa de Actividades - XXIV Congreso Argentino de Cat\u00e1lisis","og_description":"Programa de Actividades Ver Programa detallado Distribuci\u00f3n de trabajos por sesi\u00f3n Modalidades de participaci\u00f3n Exposiciones orales: Las exposiciones tendr\u00e1n 12 minutos de duraci\u00f3n y a&hellip;","og_url":"https:\/\/xxivcac.fica.unsl.edu.ar\/index.php\/programa-de-actividades\/","og_site_name":"XXIV Congreso Argentino de Cat\u00e1lisis","article_modified_time":"2025-10-29T11:17:09+00:00","og_image":[{"width":512,"height":512,"url":"https:\/\/xxivcac.fica.unsl.edu.ar\/wp-content\/uploads\/2024\/12\/cropped-logo1.png","type":"image\/png"}],"twitter_card":"summary_large_image","twitter_misc":{"Tiempo de lectura":"3 minutos"},"schema":{"@context":"https:\/\/schema.org","@graph":[{"@type":"WebPage","@id":"https:\/\/xxivcac.fica.unsl.edu.ar\/index.php\/programa-de-actividades\/","url":"https:\/\/xxivcac.fica.unsl.edu.ar\/index.php\/programa-de-actividades\/","name":"Programa de Actividades - XXIV Congreso Argentino de Cat\u00e1lisis","isPartOf":{"@id":"https:\/\/xxivcac.fica.unsl.edu.ar\/#website"},"primaryImageOfPage":{"@id":"https:\/\/xxivcac.fica.unsl.edu.ar\/index.php\/programa-de-actividades\/#primaryimage"},"image":{"@id":"https:\/\/xxivcac.fica.unsl.edu.ar\/index.php\/programa-de-actividades\/#primaryimage"},"thumbnailUrl":"https:\/\/xxivcac.fica.unsl.edu.ar\/wp-content\/uploads\/2024\/12\/cropped-logo1-150x150.png","datePublished":"2025-10-08T13:36:54+00:00","dateModified":"2025-10-29T11:17:09+00:00","breadcrumb":{"@id":"https:\/\/xxivcac.fica.unsl.edu.ar\/index.php\/programa-de-actividades\/#breadcrumb"},"inLanguage":"es-AR","potentialAction":[{"@type":"ReadAction","target":["https:\/\/xxivcac.fica.unsl.edu.ar\/index.php\/programa-de-actividades\/"]}]},{"@type":"ImageObject","inLanguage":"es-AR","@id":"https:\/\/xxivcac.fica.unsl.edu.ar\/index.php\/programa-de-actividades\/#primaryimage","url":"https:\/\/xxivcac.fica.unsl.edu.ar\/wp-content\/uploads\/2024\/12\/cropped-logo1.png","contentUrl":"https:\/\/xxivcac.fica.unsl.edu.ar\/wp-content\/uploads\/2024\/12\/cropped-logo1.png","width":512,"height":512},{"@type":"BreadcrumbList","@id":"https:\/\/xxivcac.fica.unsl.edu.ar\/index.php\/programa-de-actividades\/#breadcrumb","itemListElement":[{"@type":"ListItem","position":1,"name":"Inicio","item":"https:\/\/xxivcac.fica.unsl.edu.ar\/"},{"@type":"ListItem","position":2,"name":"Programa de Actividades"}]},{"@type":"WebSite","@id":"https:\/\/xxivcac.fica.unsl.edu.ar\/#website","url":"https:\/\/xxivcac.fica.unsl.edu.ar\/","name":"XXIV Congreso Argentino de Cat\u00e1lisis","description":"","publisher":{"@id":"https:\/\/xxivcac.fica.unsl.edu.ar\/#organization"},"potentialAction":[{"@type":"SearchAction","target":{"@type":"EntryPoint","urlTemplate":"https:\/\/xxivcac.fica.unsl.edu.ar\/?s={search_term_string}"},"query-input":{"@type":"PropertyValueSpecification","valueRequired":true,"valueName":"search_term_string"}}],"inLanguage":"es-AR"},{"@type":"Organization","@id":"https:\/\/xxivcac.fica.unsl.edu.ar\/#organization","name":"XXIV Congreso Argentino de Cat\u00e1lisis","url":"https:\/\/xxivcac.fica.unsl.edu.ar\/","logo":{"@type":"ImageObject","inLanguage":"es-AR","@id":"https:\/\/xxivcac.fica.unsl.edu.ar\/#\/schema\/logo\/image\/","url":"https:\/\/xxivcac.fica.unsl.edu.ar\/wp-content\/uploads\/2024\/12\/logo-xxivcac.png","contentUrl":"https:\/\/xxivcac.fica.unsl.edu.ar\/wp-content\/uploads\/2024\/12\/logo-xxivcac.png","width":300,"height":219,"caption":"XXIV Congreso Argentino de Cat\u00e1lisis"},"image":{"@id":"https:\/\/xxivcac.fica.unsl.edu.ar\/#\/schema\/logo\/image\/"}}]}},"_links":{"self":[{"href":"https:\/\/xxivcac.fica.unsl.edu.ar\/index.php\/wp-json\/wp\/v2\/pages\/718","targetHints":{"allow":["GET"]}}],"collection":[{"href":"https:\/\/xxivcac.fica.unsl.edu.ar\/index.php\/wp-json\/wp\/v2\/pages"}],"about":[{"href":"https:\/\/xxivcac.fica.unsl.edu.ar\/index.php\/wp-json\/wp\/v2\/types\/page"}],"author":[{"embeddable":true,"href":"https:\/\/xxivcac.fica.unsl.edu.ar\/index.php\/wp-json\/wp\/v2\/users\/1"}],"replies":[{"embeddable":true,"href":"https:\/\/xxivcac.fica.unsl.edu.ar\/index.php\/wp-json\/wp\/v2\/comments?post=718"}],"version-history":[{"count":25,"href":"https:\/\/xxivcac.fica.unsl.edu.ar\/index.php\/wp-json\/wp\/v2\/pages\/718\/revisions"}],"predecessor-version":[{"id":817,"href":"https:\/\/xxivcac.fica.unsl.edu.ar\/index.php\/wp-json\/wp\/v2\/pages\/718\/revisions\/817"}],"wp:attachment":[{"href":"https:\/\/xxivcac.fica.unsl.edu.ar\/index.php\/wp-json\/wp\/v2\/media?parent=718"}],"curies":[{"name":"wp","href":"https:\/\/api.w.org\/{rel}","templated":true}]}}